{"id":65,"date":"2024-06-18T00:16:45","date_gmt":"2024-06-17T22:16:45","guid":{"rendered":"https:\/\/localhost\/dilba-burnautzki\/?page_id=65"},"modified":"2024-07-06T21:53:35","modified_gmt":"2024-07-06T19:53:35","slug":"methoden","status":"publish","type":"page","link":"https:\/\/www.dilba-burnautzki.de\/?page_id=65","title":{"rendered":"Methoden"},"content":{"rendered":"\n<p>Die folgenden Seiten sollen einen \u00dcberblick \u00fcber einige der verwendeten Methoden geben. Die Beschreibungen sind dabei bewusst kurz gehalten und sollen lediglich eine Vorstellung davon vermitteln, worauf ich in meiner Arbeit zur\u00fcckgreife.<\/p>\n\n\n\n<p><strong>Coaching<\/strong><br>Bei beruflichen und \/ oder privaten Problemen kann ein Coaching in Anspruch genommen werden. Es handelt sich dabei um einen intensiven Beratungs- und Begleitungsprozess, in dem der Klient angeleitet und motiviert wird herauszufinden, was er wirklich will, was ihm nutzt und was ihn blockiert. <a href=\"https:\/\/www.dilba-burnautzki.de\/?page_id=118\" data-type=\"page\" data-id=\"118\"><mark style=\"background-color:rgba(0, 0, 0, 0)\" class=\"has-inline-color has-vivid-cyan-blue-color\">mehr<\/mark><\/a><br>\u00a0<br><strong>Systemische Familienaufstellung<\/strong><br>Obwohl der Mensch von Geburt an frei ist und die F\u00e4higkeiten mitbekommt, sich selbst zu verwirklichen, wie er es m\u00f6chte, ist er Teil eines Familiensystems (Vater, Mutter, Kind, Geschwister, Gro\u00dfeltern) und damit eines Beziehungszusammenhanges, aus dem er sich nicht einfach ausklinken kann. Aus der Vogelperspektive betrachtet besteht das Familiensystem aus verschiedenen Bindungen untereinander. <a href=\"https:\/\/www.dilba-burnautzki.de\/?page_id=161\" data-type=\"page\" data-id=\"161\"><mark style=\"background-color:rgba(0, 0, 0, 0)\" class=\"has-inline-color has-vivid-cyan-blue-color\">mehr<\/mark><\/a><br>\u00a0<br><strong>Huna<\/strong><br>Huna ist der Name einer alten polynesischen, komplexen Weisheitslehre, die unsere herk\u00f6mmlichen westlichen Gedankenmuster in Frage stellt. Alles was uns widerf\u00e4hrt ist als unser eigenes, wenn auch unbewusst, Erschaffenes zu betrachten. <a href=\"https:\/\/www.dilba-burnautzki.de\/?page_id=164\" data-type=\"page\" data-id=\"164\"><mark style=\"background-color:rgba(0, 0, 0, 0)\" class=\"has-inline-color has-vivid-cyan-blue-color\">mehr<\/mark><\/a><br>\u00a0<br><strong>Encounter<\/strong><br>Encounter (engl. f\u00fcr: Begegnung) ist ein Fachausdruck aus der Psychologie und der Soziologie. Er bezeichnet einen geregelten personenzentrierten Kommunikationsansatz in einer Selbsterfahrungsgruppe. Verbale und nichtverbale Informationen so wie das Verhalten der Teilnehmer sollen vom Einzelnen aufmerksam wahrgenommen werden und dann auch benannt werden. <a href=\"https:\/\/www.dilba-burnautzki.de\/?page_id=166\" data-type=\"page\" data-id=\"166\"><mark style=\"background-color:rgba(0, 0, 0, 0)\" class=\"has-inline-color has-vivid-cyan-blue-color\">mehr<\/mark><\/a><br>\u00a0<br><strong>Hypnose<\/strong><br>Hypnose ist eine sehr alte und bew\u00e4hrte Methode das Unterbewusstsein zu f\u00fchren und neu auszurichten. Unser Unterbewusstsein ist in unserer Kindheit ausgebildet worden und bestimmt unser ganzes Leben. Das Unterbewusstsein orientiert sich an allem was uns in unserer Kindheit vorgelebt worden ist. Es speichert diese Informationen als Werte unser ganzes Leben lang. \u00a0<a href=\"https:\/\/www.dilba-burnautzki.de\/?page_id=168\" data-type=\"page\" data-id=\"168\"><mark style=\"background-color:rgba(0, 0, 0, 0)\" class=\"has-inline-color has-vivid-cyan-blue-color\">mehr<\/mark><\/a><br>\u00a0<br><strong>Bonding<\/strong><br>Bonding ist eine Methode von Daniel Casriel bei der im engen K\u00f6rperkontakt mit einem anderen Teilnehmer Gef\u00fchle ausgedr\u00fcckt und herausgeschrien werden. Zum Beispiel kann man den Satz &#8222;Ich habe Angst&#8220; so lange wiederholen, bis er tief und wirklich empfunden wird. <a href=\"https:\/\/www.dilba-burnautzki.de\/?page_id=170\" data-type=\"page\" data-id=\"170\"><mark style=\"background-color:rgba(0, 0, 0, 0)\" class=\"has-inline-color has-vivid-cyan-blue-color\">mehr<\/mark><\/a><\/p>\n","protected":false},"excerpt":{"rendered":"<p>Die folgenden Seiten sollen einen \u00dcberblick \u00fcber einige der verwendeten Methoden geben. Die Beschreibungen sind dabei bewusst kurz gehalten und sollen lediglich eine Vorstellung davon vermitteln, worauf ich in meiner Arbeit zur\u00fcckgreife. CoachingBei beruflichen und \/ oder privaten Problemen kann ein Coaching in Anspruch genommen werden. Es handelt sich dabei um einen intensiven Beratungs- und &hellip; <\/p>\n<p class=\"link-more\"><a href=\"https:\/\/www.dilba-burnautzki.de\/?page_id=65\" class=\"more-link\"><span class=\"screen-reader-text\">\u201eMethoden\u201c<\/span> weiterlesen<\/a><\/p>\n","protected":false},"author":2,"featured_media":0,"parent":0,"menu_order":0,"comment_status":"closed","ping_status":"closed","template":"","meta":{"footnotes":""},"class_list":["post-65","page","type-page","status-publish","hentry"],"_links":{"self":[{"href":"https:\/\/www.dilba-burnautzki.de\/index.php?rest_route=\/wp\/v2\/pages\/65","targetHints":{"allow":["GET"]}}],"collection":[{"href":"https:\/\/www.dilba-burnautzki.de\/index.php?rest_route=\/wp\/v2\/pages"}],"about":[{"href":"https:\/\/www.dilba-burnautzki.de\/index.php?rest_route=\/wp\/v2\/types\/page"}],"author":[{"embeddable":true,"href":"https:\/\/www.dilba-burnautzki.de\/index.php?rest_route=\/wp\/v2\/users\/2"}],"replies":[{"embeddable":true,"href":"https:\/\/www.dilba-burnautzki.de\/index.php?rest_route=%2Fwp%2Fv2%2Fcomments&post=65"}],"version-history":[{"count":9,"href":"https:\/\/www.dilba-burnautzki.de\/index.php?rest_route=\/wp\/v2\/pages\/65\/revisions"}],"predecessor-version":[{"id":246,"href":"https:\/\/www.dilba-burnautzki.de\/index.php?rest_route=\/wp\/v2\/pages\/65\/revisions\/246"}],"wp:attachment":[{"href":"https:\/\/www.dilba-burnautzki.de\/index.php?rest_route=%2Fwp%2Fv2%2Fmedia&parent=65"}],"curies":[{"name":"wp","href":"https:\/\/api.w.org\/{rel}","templated":true}]}}