{"id":228,"date":"2024-07-06T21:05:06","date_gmt":"2024-07-06T19:05:06","guid":{"rendered":"https:\/\/www.dilba-burnautzki.de\/?page_id=228"},"modified":"2024-07-07T04:49:55","modified_gmt":"2024-07-07T02:49:55","slug":"impressum","status":"publish","type":"page","link":"https:\/\/www.dilba-burnautzki.de\/?page_id=228","title":{"rendered":"Impressum"},"content":{"rendered":"\n<p><strong>Angaben gem\u00e4\u00df \u00a7 5 TMG:<\/strong><\/p>\n\n\n\n<p>Irma Dilba-Burnautzki<br>Pers\u00f6nlichkeitsentwicklung | Beziehungsseminare | Qualifizierte Lebensberatung<br>Bruchsaler Stra\u00dfe 1<br>10715 Berlin<\/p>\n\n\n\n<p><strong>Kontakt:<\/strong><\/p>\n\n\n\n<p>T: +49 30 &#8211; 853 81 33<br><a href=\"mailto:irma@dilba-burnautzki.de\">irma@dilba-burnautzki.de<\/a><\/p>\n\n\n\n<p><strong>Aufsichtsbeh\u00f6rde:<\/strong><\/p>\n\n\n\n<p>Landesamt f\u00fcr Gesundheit und Soziales Berlin<br>Turmstra\u00dfe 21<br>10559 Berlin<\/p>\n\n\n\n<p><a href=\"\" target=\"_blank\" rel=\"noreferrer noopener\">http:\/\/ http:\/\/www.berlin.de\/lageso\/<\/a><\/p>\n\n\n\n<p><strong>Berufsbezeichnung und berufsrechtliche Regelungen<\/strong><\/p>\n\n\n\n<p>Berufsbezeichnung: Heilpraktikerin<br>Zust\u00e4ndige Kammer:<br>Verliehen durch: Deutschland<br>Es gelten folgende berufsrechtliche Regelungen: Rechtsgrundlage der Heilpraktikert\u00e4tigkeit, Heilpraktikergesetz und Durchf\u00fchrungsverordnung<br>Regelungen einsehbar unter: <a href=\"https:\/\/www.bdh-online.de\/heilpraktiker\/praxismanagement\/gesetze\/hpg-und-%20dvo\/\" target=\"_blank\" rel=\"noreferrer noopener\">https:\/\/www.bdh-online.de\/heilpraktiker\/praxismanagement\/gesetze\/hpg-und- %20dvo\/<\/a><\/p>\n\n\n\n<p><strong>Angaben zur Berufshaftpflichtversicherung<\/strong><\/p>\n\n\n\n<p>Geltungsraum der Versicherung: Deutschland<\/p>\n\n\n\n<p><strong>Streitschlichtung<\/strong><\/p>\n\n\n\n<p>Die Europ\u00e4ische Kommission stellt eine Plattform zur Online-Streitbeilegung (OS) bereit: <a href=\"https:\/\/ec.europa.eu\/consumers\/odr\" target=\"_blank\" rel=\"noreferrer noopener\">https:\/\/ec.europa.eu\/consumers\/odr<\/a>.<br>Unsere E-Mail-Adresse finden Sie oben im Impressum.<\/p>\n\n\n\n<p>Wir sind nicht bereit oder verpflichtet, an Streitbeilegungsverfahren vor einer Verbraucherschlichtungsstelle teilzunehmen.<\/p>\n\n\n\n<p><strong>Haftung f\u00fcr Inhalte<\/strong><\/p>\n\n\n\n<p>Als Diensteanbieter sind wir gem\u00e4\u00df \u00a7 7 Abs.1 TMG f\u00fcr eigene Inhalte auf diesen Seiten nach den allgemeinen Gesetzen verantwortlich. Nach \u00a7\u00a7 8 bis 10 TMG sind wir als Diensteanbieter jedoch nicht verpflichtet, \u00fcbermittelte oder gespeicherte fremde Informationen zu \u00fcberwachen oder nach Umst\u00e4nden zu forschen, die auf eine rechtswidrige T\u00e4tigkeit hinweisen.<\/p>\n\n\n\n<p>Verpflichtungen zur Entfernung oder Sperrung der Nutzung von Informationen nach den allgemeinen Gesetzen bleiben hiervon unber\u00fchrt. Eine diesbez\u00fcgliche Haftung ist jedoch erst ab dem Zeitpunkt der Kenntnis einer konkreten Rechtsverletzung m\u00f6glich. Bei Bekanntwerden von entsprechenden Rechtsverletzungen werden wir diese Inhalte umgehend entfernen.<\/p>\n\n\n\n<p><strong>Haftung f\u00fcr Links<\/strong><\/p>\n\n\n\n<p>Unser Angebot enth\u00e4lt Links zu externen Websites Dritter, auf deren Inhalte wir keinen Einfluss haben. Deshalb k\u00f6nnen wir f\u00fcr diese fremden Inhalte auch keine Gew\u00e4hr \u00fcbernehmen. F\u00fcr die Inhalte der verlinkten Seiten ist stets der jeweilige Anbieter oder Betreiber der Seiten verantwortlich. Die verlinkten Seiten wurden zum Zeitpunkt der Verlinkung auf m\u00f6gliche Rechtsverst\u00f6\u00dfe \u00fcberpr\u00fcft. Rechtswidrige Inhalte waren zum Zeitpunkt der Verlinkung nicht erkennbar.<\/p>\n\n\n\n<p>Eine permanente inhaltliche Kontrolle der verlinkten Seiten ist jedoch ohne konkrete Anhaltspunkte einer Rechtsverletzung nicht zumutbar. Bei Bekanntwerden von Rechtsverletzungen werden wir derartige Links umgehend entfernen.<\/p>\n\n\n\n<p><strong>Urheberrecht<\/strong><\/p>\n\n\n\n<p>Die durch die Seitenbetreiber erstellten Inhalte und Werke auf diesen Seiten unterliegen dem deutschen Urheberrecht. Die Vervielf\u00e4ltigung, Bearbeitung, Verbreitung und jede Art der Verwertung au\u00dferhalb der Grenzen des Urheberrechtes bed\u00fcrfen der schriftlichen Zustimmung des jeweiligen Autors bzw. Erstellers. Downloads und Kopien dieser Seite sind nur f\u00fcr den privaten, nicht kommerziellen Gebrauch gestattet.<\/p>\n\n\n\n<p>Soweit die Inhalte auf dieser Seite nicht vom Betreiber erstellt wurden, werden die Urheberrechte Dritter beachtet. Insbesondere werden Inhalte Dritter als solche gekennzeichnet. Sollten Sie trotzdem auf eine Urheberrechtsverletzung aufmerksam werden, bitten wir um einen entsprechenden Hinweis. Bei Bekanntwerden von Rechtsverletzungen werden wir derartige Inhalte umgehend entfernen.<\/p>\n","protected":false},"excerpt":{"rendered":"<p>Angaben gem\u00e4\u00df \u00a7 5 TMG: Irma Dilba-BurnautzkiPers\u00f6nlichkeitsentwicklung | Beziehungsseminare | Qualifizierte LebensberatungBruchsaler Stra\u00dfe 110715 Berlin Kontakt: T: +49 30 &#8211; 853 81 33irma@dilba-burnautzki.de Aufsichtsbeh\u00f6rde: Landesamt f\u00fcr Gesundheit und Soziales BerlinTurmstra\u00dfe 2110559 Berlin http:\/\/ http:\/\/www.berlin.de\/lageso\/ Berufsbezeichnung und berufsrechtliche Regelungen Berufsbezeichnung: HeilpraktikerinZust\u00e4ndige Kammer:Verliehen durch: DeutschlandEs gelten folgende berufsrechtliche Regelungen: Rechtsgrundlage der Heilpraktikert\u00e4tigkeit, Heilpraktikergesetz und Durchf\u00fchrungsverordnungRegelungen einsehbar unter: &hellip; <\/p>\n<p class=\"link-more\"><a href=\"https:\/\/www.dilba-burnautzki.de\/?page_id=228\" class=\"more-link\"><span class=\"screen-reader-text\">\u201eImpressum\u201c<\/span> weiterlesen<\/a><\/p>\n","protected":false},"author":2,"featured_media":0,"parent":0,"menu_order":0,"comment_status":"closed","ping_status":"closed","template":"","meta":{"footnotes":""},"class_list":["post-228","page","type-page","status-publish","hentry"],"_links":{"self":[{"href":"https:\/\/www.dilba-burnautzki.de\/index.php?rest_route=\/wp\/v2\/pages\/228","targetHints":{"allow":["GET"]}}],"collection":[{"href":"https:\/\/www.dilba-burnautzki.de\/index.php?rest_route=\/wp\/v2\/pages"}],"about":[{"href":"https:\/\/www.dilba-burnautzki.de\/index.php?rest_route=\/wp\/v2\/types\/page"}],"author":[{"embeddable":true,"href":"https:\/\/www.dilba-burnautzki.de\/index.php?rest_route=\/wp\/v2\/users\/2"}],"replies":[{"embeddable":true,"href":"https:\/\/www.dilba-burnautzki.de\/index.php?rest_route=%2Fwp%2Fv2%2Fcomments&post=228"}],"version-history":[{"count":1,"href":"https:\/\/www.dilba-burnautzki.de\/index.php?rest_route=\/wp\/v2\/pages\/228\/revisions"}],"predecessor-version":[{"id":229,"href":"https:\/\/www.dilba-burnautzki.de\/index.php?rest_route=\/wp\/v2\/pages\/228\/revisions\/229"}],"wp:attachment":[{"href":"https:\/\/www.dilba-burnautzki.de\/index.php?rest_route=%2Fwp%2Fv2%2Fmedia&parent=228"}],"curies":[{"name":"wp","href":"https:\/\/api.w.org\/{rel}","templated":true}]}}