{"id":170,"date":"2024-06-23T00:01:31","date_gmt":"2024-06-22T22:01:31","guid":{"rendered":"https:\/\/localhost\/dilba-burnautzki\/?page_id=170"},"modified":"2024-07-06T18:47:38","modified_gmt":"2024-07-06T16:47:38","slug":"bonding","status":"publish","type":"page","link":"https:\/\/www.dilba-burnautzki.de\/?page_id=170","title":{"rendered":"Bonding"},"content":{"rendered":"\n<p>Bonding ist eine Methode von Daniel Casriel bei der im engen K\u00f6rperkontakt mit einem anderen Teilnehmer Gef\u00fchle ausgedr\u00fcckt und herausgeschrien werden. Zum Beispiel kann man den Satz &#8222;Ich habe Angst&#8220; so lange wiederholen, bis er tief und wirklich empfunden wird.<\/p>\n\n\n\n<p><strong>Durch das Bonding werden verdr\u00e4ngte Gef\u00fchle wieder wahrnehmbar und gleichzeitig befreit man sich von ihnen durch das intensive Schreien.<\/strong><\/p>\n\n\n\n<p>Es kommt danach zu einer kathartischen Entladung (Befreiung), der eine sehr intensive Entspannung folgt. Durch diese Erleichterung sind die Teilnehmer empf\u00e4nglich f\u00fcr neue positive Gef\u00fchle und Gedanken, die sie dann aufnehmen und verinnerlichen und damit ihre Pers\u00f6nlichkeit neu bestimmen k\u00f6nnen.<\/p>\n","protected":false},"excerpt":{"rendered":"<p>Bonding ist eine Methode von Daniel Casriel bei der im engen K\u00f6rperkontakt mit einem anderen Teilnehmer Gef\u00fchle ausgedr\u00fcckt und herausgeschrien werden. Zum Beispiel kann man den Satz &#8222;Ich habe Angst&#8220; so lange wiederholen, bis er tief und wirklich empfunden wird. Durch das Bonding werden verdr\u00e4ngte Gef\u00fchle wieder wahrnehmbar und gleichzeitig befreit man sich von ihnen &hellip; <\/p>\n<p class=\"link-more\"><a href=\"https:\/\/www.dilba-burnautzki.de\/?page_id=170\" class=\"more-link\"><span class=\"screen-reader-text\">\u201eBonding\u201c<\/span> weiterlesen<\/a><\/p>\n","protected":false},"author":2,"featured_media":0,"parent":0,"menu_order":0,"comment_status":"closed","ping_status":"closed","template":"","meta":{"footnotes":""},"class_list":["post-170","page","type-page","status-publish","hentry"],"_links":{"self":[{"href":"https:\/\/www.dilba-burnautzki.de\/index.php?rest_route=\/wp\/v2\/pages\/170","targetHints":{"allow":["GET"]}}],"collection":[{"href":"https:\/\/www.dilba-burnautzki.de\/index.php?rest_route=\/wp\/v2\/pages"}],"about":[{"href":"https:\/\/www.dilba-burnautzki.de\/index.php?rest_route=\/wp\/v2\/types\/page"}],"author":[{"embeddable":true,"href":"https:\/\/www.dilba-burnautzki.de\/index.php?rest_route=\/wp\/v2\/users\/2"}],"replies":[{"embeddable":true,"href":"https:\/\/www.dilba-burnautzki.de\/index.php?rest_route=%2Fwp%2Fv2%2Fcomments&post=170"}],"version-history":[{"count":1,"href":"https:\/\/www.dilba-burnautzki.de\/index.php?rest_route=\/wp\/v2\/pages\/170\/revisions"}],"predecessor-version":[{"id":171,"href":"https:\/\/www.dilba-burnautzki.de\/index.php?rest_route=\/wp\/v2\/pages\/170\/revisions\/171"}],"wp:attachment":[{"href":"https:\/\/www.dilba-burnautzki.de\/index.php?rest_route=%2Fwp%2Fv2%2Fmedia&parent=170"}],"curies":[{"name":"wp","href":"https:\/\/api.w.org\/{rel}","templated":true}]}}