{"id":168,"date":"2024-06-23T00:00:08","date_gmt":"2024-06-22T22:00:08","guid":{"rendered":"https:\/\/localhost\/dilba-burnautzki\/?page_id=168"},"modified":"2024-07-06T18:48:54","modified_gmt":"2024-07-06T16:48:54","slug":"hypnose","status":"publish","type":"page","link":"https:\/\/www.dilba-burnautzki.de\/?page_id=168","title":{"rendered":"Hypnose"},"content":{"rendered":"\n<p>Hypnose ist eine sehr alte und bew\u00e4hrte Methode das Unterbewusstsein zu f\u00fchren und neu auszurichten. Unser Unterbewusstsein ist in unserer Kindheit ausgebildet worden und bestimmt unser ganzes Leben. Das Unterbewusstsein orientiert sich an allem was uns in unserer Kindheit vorgelebt worden ist. Es speichert diese Informationen als Werte unser ganzes Leben lang. Wir haben sehr viel vergessen, besonders was wir als Kinder erlebt haben. Wenn wir in unserem Leben Ergebnisse erschaffen, die wir bewusst nicht wollen, dann k\u00f6nnen wir sicher sein, dass unser Unterbewusstsein \u201cschuld\u201c daran ist, weil es ein altes negatives Konzept wieder verwirklicht hat, das wir vergessen hatten. Wichtig ist es darum unser Unterbewusstsein kennen zu lernen, es zu verstehen, mit ihm zu gehen und ihm neue F\u00fchrung zu geben.<\/p>\n\n\n\n<p>Viele unbewusste Abwertungen uns selbst gegen\u00fcber erschweren unser Leben. Verdr\u00e4ngte Gef\u00fchle, \u00fcbernommener Druck und Anforderungen m\u00fcssen aufgedeckt werden damit sie aufh\u00f6ren im \u201cVerborgenen\u201c zu wirken. Unser Unterbewusstsein mag Wiederholungen und intensive Gef\u00fchle, aber es kann zum Beispiel Streit und Liebe nicht unterscheiden. Das Emotionspotential ist in beiden F\u00e4llen gleich.<\/p>\n\n\n\n<p>Unser Unterbewusstsein ist sehr kraftvoll und kooperativ, es l\u00e4sst sich mit intelligenter und liebevoller F\u00fchrung zu allen denkbaren Zielen bringen und gibt dabei seine vollste Unterst\u00fctzung.<\/p>\n\n\n\n<p>Wir k\u00f6nnen unserem K\u00f6rper, unserem Geist und unserer Psyche in der Tiefenentspannung eine neue Orientierung geben und sie nachhaltig ver\u00e4ndern.<\/p>\n\n\n\n<p><strong>Hypnose hilft:<\/strong><\/p>\n\n\n\n<ul class=\"wp-block-list\">\n<li>unsere W\u00fcnsche zu erf\u00fcllen\n<ul class=\"wp-block-list\">\n<li>f\u00fcr eine gl\u00fcckliche Partnerschaft<\/li>\n\n\n\n<li>bei unerf\u00fclltem Kinderwunsch<\/li>\n\n\n\n<li>um berufliche Ziele zu erreichen<\/li>\n<\/ul>\n<\/li>\n\n\n\n<li>negative Gedankenkonzepte und Verhaltensmuster aufzul\u00f6sen<\/li>\n\n\n\n<li>sich aus den Fesseln der \u00c4ngste zu befreien<\/li>\n\n\n\n<li>Selbstvertrauen und Zuversicht wieder zu\u00a0 finden.<\/li>\n\n\n\n<li>aufl\u00f6sen des Suchtverhaltens: wie Rauchen, Essst\u00f6rungen, Alkoholmissbrauch, Arbeitssucht \u00a0und Gl\u00fccksspiele<\/li>\n\n\n\n<li>Heilungsprozesse zu aktivieren und beschleunigen<\/li>\n\n\n\n<li>Verarbeitung von Trennung und Tod<\/li>\n\n\n\n<li>Immunsystem st\u00e4rken<\/li>\n\n\n\n<li>neue \u00a0F\u00e4higkeiten entwickeln<\/li>\n\n\n\n<li>ein erf\u00fclltes Leben zu f\u00fchren<\/li>\n<\/ul>\n\n\n\n<p><strong>Empfehlung:<\/strong> Ich habe verschiedene Hypnose-CDs aufgenommen, die man k\u00e4uflich erwerben kann. <a href=\"http:\/\/www.dilba-burnautzki.de\/veroeffentlichungen\/selbsthypnose\">N\u00e4here Infos<\/a><\/p>\n","protected":false},"excerpt":{"rendered":"<p>Hypnose ist eine sehr alte und bew\u00e4hrte Methode das Unterbewusstsein zu f\u00fchren und neu auszurichten. Unser Unterbewusstsein ist in unserer Kindheit ausgebildet worden und bestimmt unser ganzes Leben. Das Unterbewusstsein orientiert sich an allem was uns in unserer Kindheit vorgelebt worden ist. Es speichert diese Informationen als Werte unser ganzes Leben lang. Wir haben sehr &hellip; <\/p>\n<p class=\"link-more\"><a href=\"https:\/\/www.dilba-burnautzki.de\/?page_id=168\" class=\"more-link\"><span class=\"screen-reader-text\">\u201eHypnose\u201c<\/span> weiterlesen<\/a><\/p>\n","protected":false},"author":2,"featured_media":0,"parent":0,"menu_order":0,"comment_status":"closed","ping_status":"closed","template":"","meta":{"footnotes":""},"class_list":["post-168","page","type-page","status-publish","hentry"],"_links":{"self":[{"href":"https:\/\/www.dilba-burnautzki.de\/index.php?rest_route=\/wp\/v2\/pages\/168","targetHints":{"allow":["GET"]}}],"collection":[{"href":"https:\/\/www.dilba-burnautzki.de\/index.php?rest_route=\/wp\/v2\/pages"}],"about":[{"href":"https:\/\/www.dilba-burnautzki.de\/index.php?rest_route=\/wp\/v2\/types\/page"}],"author":[{"embeddable":true,"href":"https:\/\/www.dilba-burnautzki.de\/index.php?rest_route=\/wp\/v2\/users\/2"}],"replies":[{"embeddable":true,"href":"https:\/\/www.dilba-burnautzki.de\/index.php?rest_route=%2Fwp%2Fv2%2Fcomments&post=168"}],"version-history":[{"count":1,"href":"https:\/\/www.dilba-burnautzki.de\/index.php?rest_route=\/wp\/v2\/pages\/168\/revisions"}],"predecessor-version":[{"id":169,"href":"https:\/\/www.dilba-burnautzki.de\/index.php?rest_route=\/wp\/v2\/pages\/168\/revisions\/169"}],"wp:attachment":[{"href":"https:\/\/www.dilba-burnautzki.de\/index.php?rest_route=%2Fwp%2Fv2%2Fmedia&parent=168"}],"curies":[{"name":"wp","href":"https:\/\/api.w.org\/{rel}","templated":true}]}}