{"id":164,"date":"2024-06-22T23:49:53","date_gmt":"2024-06-22T21:49:53","guid":{"rendered":"https:\/\/localhost\/dilba-burnautzki\/?page_id=164"},"modified":"2024-07-06T18:48:34","modified_gmt":"2024-07-06T16:48:34","slug":"huna","status":"publish","type":"page","link":"https:\/\/www.dilba-burnautzki.de\/?page_id=164","title":{"rendered":"Huna"},"content":{"rendered":"\n<p>Huna ist der Name einer alten polynesischen, komplexen Weisheitslehre, die unsere herk\u00f6mmlichen westlichen Gedankenmuster in Frage stellt. Alles was uns widerf\u00e4hrt ist als unser eigenes, wenn auch unbewusst, Erschaffenes zu betrachten.<\/p>\n\n\n\n<p>Die Huna-Lehre entzieht sich der schriftlichen Darstellung, ist jedoch sehr wirkungsvoll. Im Wesentlichen zeigt sie uns, dass wir alleine die Macht \u00fcber uns und unser Leben haben. Diese Macht m\u00fcssen wir nur richtig nutzen.<\/p>\n\n\n\n<p>Die Hunalehre beinhaltet die Sichweise alle pers\u00f6nlichen Probleme als unbewusstes selbstgew\u00e4hltes Anliegen zu betrachten.<\/p>\n\n\n\n<p>Alle Vorteile f\u00fcr die scheinbare Belastung als ein positives Ph\u00e4nomen f\u00fcr sein gesamtes Leben zu erkennen.<\/p>\n\n\n\n<p>Diese Betrachtung l\u00f6st die innere Spannung und den inneren unbewussten Kampf auf. Es bewirkt Freude und Leichtigkeit. Unser Leben ist unser eigenes Lebenswerk. Alle Freuden und auch alle Leiden haben wir selbst in unser Leben eingerichtet, aber meistens unbewusst. Auch wenn wir unser Leben unbewusst erschaffen haben, hat alles was wir kreiert haben einen sehr gro\u00dfen Vorteil, auch wenn er uns nicht bewusst ist.<\/p>\n\n\n\n<p>Die Hunalehre verlangt eine andere mentale Position oder Sichtweise einzunehmen. Die Hunalehre dr\u00e4ngt dazu die eigene Macht zu f\u00fchlen und sie zu nutzen. Unser Glauben, dass wir von Zuf\u00e4llen und Umst\u00e4nden bestimmt werden weist die Hunalehre radikal zur\u00fcck. Damit w\u00fcrden wir uns zu einem Spielball von Umst\u00e4nden machen. Wir haben die Kraft und die Macht unser Leben zu bestimmen und diese d\u00fcrfen wir nicht au\u00dfer Kraft setzen.<\/p>\n\n\n\n<p>Wenn wir unsere Macht nicht f\u00fchlen, dann \u00fcberlassen wir sie anderen Menschen oder auch Umst\u00e4nden, die uns irgendwohin steuern wo wir nicht sein m\u00f6chten. Wenn unser Leben nicht so abl\u00e4uft wie wir es uns w\u00fcnschen, dann spielen wir Opfer und k\u00e4mpfen unbewusst gegen unsere Natur und gegen unsere Gef\u00fchle. Weil wir auch nur unbewusst k\u00e4mpfen lehnen wir unbewusst unser Gef\u00fchle ab und dem zufolge f\u00fchlen wir uns schlecht. Gef\u00fchle sind von der Natur aus als eine Erleichterung und Bereicherung gedacht. Schlechte Gef\u00fchle gibt es nicht, sie werden zu solchen definiert und dann auch als solche erlebt. Wir alleine bestimmen unsere Gef\u00fchle. Unsere Gef\u00fchle aktivieren entsprechende Gedanken, die zu ihnen passen und die Gedanken produzieren Inhalte um die Gef\u00fchle zu best\u00e4tigen.<\/p>\n\n\n\n<p>Wir k\u00f6nnen jederzeit, jetzt, uns bewusst entscheiden f\u00fcr welche oder gute Gedanken und gute Gef\u00fchle, vielleicht auch sogar Gl\u00fccksgef\u00fchle, wir jetzt empfinden wollen.<\/p>\n\n\n\n<hr class=\"wp-block-separator has-alpha-channel-opacity is-style-dots\"\/>\n\n\n\n<p>[ Hunalehre Berlin, Mentaltraining, Gedankenkonzepte \u00e4ndern, Leben selbst bestimmen, Sichtweise \u00e4ndern, Gl\u00fccksgef\u00fchle, Hypnose, Lebensfreude ]<\/p>\n","protected":false},"excerpt":{"rendered":"<p>Huna ist der Name einer alten polynesischen, komplexen Weisheitslehre, die unsere herk\u00f6mmlichen westlichen Gedankenmuster in Frage stellt. Alles was uns widerf\u00e4hrt ist als unser eigenes, wenn auch unbewusst, Erschaffenes zu betrachten. Die Huna-Lehre entzieht sich der schriftlichen Darstellung, ist jedoch sehr wirkungsvoll. Im Wesentlichen zeigt sie uns, dass wir alleine die Macht \u00fcber uns und &hellip; <\/p>\n<p class=\"link-more\"><a href=\"https:\/\/www.dilba-burnautzki.de\/?page_id=164\" class=\"more-link\"><span class=\"screen-reader-text\">\u201eHuna\u201c<\/span> weiterlesen<\/a><\/p>\n","protected":false},"author":2,"featured_media":0,"parent":0,"menu_order":0,"comment_status":"closed","ping_status":"closed","template":"","meta":{"footnotes":""},"class_list":["post-164","page","type-page","status-publish","hentry"],"_links":{"self":[{"href":"https:\/\/www.dilba-burnautzki.de\/index.php?rest_route=\/wp\/v2\/pages\/164","targetHints":{"allow":["GET"]}}],"collection":[{"href":"https:\/\/www.dilba-burnautzki.de\/index.php?rest_route=\/wp\/v2\/pages"}],"about":[{"href":"https:\/\/www.dilba-burnautzki.de\/index.php?rest_route=\/wp\/v2\/types\/page"}],"author":[{"embeddable":true,"href":"https:\/\/www.dilba-burnautzki.de\/index.php?rest_route=\/wp\/v2\/users\/2"}],"replies":[{"embeddable":true,"href":"https:\/\/www.dilba-burnautzki.de\/index.php?rest_route=%2Fwp%2Fv2%2Fcomments&post=164"}],"version-history":[{"count":1,"href":"https:\/\/www.dilba-burnautzki.de\/index.php?rest_route=\/wp\/v2\/pages\/164\/revisions"}],"predecessor-version":[{"id":165,"href":"https:\/\/www.dilba-burnautzki.de\/index.php?rest_route=\/wp\/v2\/pages\/164\/revisions\/165"}],"wp:attachment":[{"href":"https:\/\/www.dilba-burnautzki.de\/index.php?rest_route=%2Fwp%2Fv2%2Fmedia&parent=164"}],"curies":[{"name":"wp","href":"https:\/\/api.w.org\/{rel}","templated":true}]}}