{"id":156,"date":"2024-06-18T02:55:01","date_gmt":"2024-06-18T00:55:01","guid":{"rendered":"https:\/\/localhost\/dilba-burnautzki\/?page_id=156"},"modified":"2025-01-19T19:38:54","modified_gmt":"2025-01-19T18:38:54","slug":"kuschelparty","status":"publish","type":"page","link":"https:\/\/www.dilba-burnautzki.de\/?page_id=156","title":{"rendered":"Kuschelparty"},"content":{"rendered":"\n<p>K\u00f6rperkontakt nur in Verbindung mit Sex reduziert die Vielfalt unserer Wahrnehmungsf\u00e4higkeit. Wir brauchen viel mehr Gelegenheiten f\u00fcr die verschiedensten Formen von K\u00f6rperkontakt als wir glauben. Wenn wir uns auf mehr k\u00f6rperliche N\u00e4he einlassen, wird es unserer Psyche, unserem Geist und unserem K\u00f6rper sp\u00fcrbar besser gehen.<\/p>\n\n\n\n<p>Unverbindliche k\u00f6rperliche Begegnungen stimulieren unsere Sinne, die uns f\u00fcr Begegnungen \u00f6ffnen. Wir wissen nie, wohin der Ball beim &#8222;Match Point&#8220; f\u00e4llt, aber wir k\u00f6nnen sicher sein, wenn unsere Sinne einbezogen sind, dann folgen wir nur dem, was sich gut anf\u00fchlt. Denn es sind unsere Gef\u00fchle, denen wir uns anvertrauen k\u00f6nnen. Lass dich in deine Welt der Sinne entf\u00fchren. Lass deine Sinne sprechen und du begegnest Menschen, die dich stimulieren und Neues erfahren lassen. Und irgendwann bist Du offen f\u00fcr einen Partner, wenn Du es willst.<\/p>\n\n\n\n<p><strong>Ablauf der Kuschelparty<\/strong><\/p>\n\n\n\n<p>Zu Beginn werden die Regeln der Kuschelparty erkl\u00e4rt. Die Teilnehmer werden angehalten, nur das zu machen, wozu sie Lust haben und sich abzugrenzen von Begegnungen, die sich nicht richtig anf\u00fchlen. Es wird vorab ge\u00fcbt sich abzugrenzen. Der Aufbau der Begegnungen wird dezent angeleitet. Sie laufen \u00fcber visuellen und manuellen Kontakt. Die Teilnehmer werden immer wieder darauf hingewiesen, sich bei Bedarf abzugrenzen oder aus der Aktivit\u00e4t auszusteigen und an den Rand zu gehen, um dann wieder mitzumachen, wenn sie wieder bereit dazu sind.<\/p>\n\n\n\n<p><strong>Was ist zu beachten, wenn du das erste Mal kommst:<\/strong><\/p>\n\n\n\n<p>Zur Kuschelparty komm bitte in bequemer Kleidung oder bringe sie mit, du kannst dich dort umziehen. Bedenke bitte, sich fremden Menschen k\u00f6rperlich zu n\u00e4hern, kostet vielen Menschen am Anfang gro\u00dfe \u00dcberwindung, daher sorge bitte daf\u00fcr, dass du frei von Ger\u00fcchen bist und Deine Kleidung an diesem Tag frisch ist.<\/p>\n\n\n\n<p>Das Leichte an der Kuschelparty ist, du kannst nichts falsch machen, denn alles wird zu Beginn erkl\u00e4rt und er wird daf\u00fcr gesorgt, dass du einen sch\u00f6nen und genussvollen Abend erleben kannst.<\/p>\n\n\n\n<hr class=\"wp-block-separator has-alpha-channel-opacity is-style-wide\"\/>\n\n\n\n<p>Zur Kuschelparty gibt es auch einen <a href=\"http:\/\/www.dilba-burnautzki.de\/veroeffentlichungen\/berichte_kuschelparty\">Erfahrungsbericht<\/a>.<\/p>\n\n\n\n<figure class=\"wp-block-embed is-type-video is-provider-youtube wp-block-embed-youtube wp-embed-aspect-16-9 wp-has-aspect-ratio\"><div class=\"wp-block-embed__wrapper\">\n<iframe loading=\"lazy\" title=\"Kuscheln zu vielt - XEN.ON TV\" width=\"525\" height=\"295\" src=\"https:\/\/www.youtube.com\/embed\/jYuRwouwgJc?feature=oembed\" frameborder=\"0\" allow=\"accelerometer; autoplay; clipboard-write; encrypted-media; gyroscope; picture-in-picture; web-share\" referrerpolicy=\"strict-origin-when-cross-origin\" allowfullscreen><\/iframe>\n<\/div><\/figure>\n\n\n\n<hr class=\"wp-block-separator has-alpha-channel-opacity is-style-wide\"\/>\n\n\n\n<p>Ebenfalls lesenswert: <a href=\"http:\/\/www.exberliner.com\/articles\/cuddling-strangers\" target=\"_blank\" rel=\"noreferrer noopener\">Cuddling strangers by Emily Alexander<\/a><\/p>\n\n\n\n<p><strong>Eine aktuelle Reportage, in der auch meine Arbeit vorgestellt wird, wurde am 12.03.2016 im rbb ausgestrahlt<\/strong><\/p>\n\n\n\n<p><strong>RBB Bericht vom 12.03.2016 &#8211;&nbsp; <a href=\"https:\/\/www.rbb-online.de\/himmelunderde\/reportagen\/beruehr-mich.html\" target=\"_blank\" rel=\"noreferrer noopener\">hier anschauen<\/a><\/strong><\/p>\n\n\n\n<p>Damit die Anzahl von Frauen und M\u00e4nner einigerma\u00dfen ausgewogen ist, bitte ich um Anmeldung. Ich nehme dich in meinen Verteiler auf und werde dich anmailen.<\/p>\n\n\n\n<p><strong>N\u00e4chste Termine<\/strong>:&nbsp;<\/p>\n\n\n\n<p><strong>zur Zeit keine Termine<br><\/strong><\/p>\n\n\n\n<p><strong>Zeit:<\/strong> Sonntags von 18.00-22.00 Uhr.<\/p>\n\n\n\n<p><strong>Ort: zur Zeit &#8222;Im Baum&#8220;, Belziger Str. 53, 10823 Berlin-Sch\u00f6neberg, &#8222;FAB&#8220;, U- Eisenacher Str.<br><\/strong><\/p>\n\n\n\n<p><strong>Kosten<\/strong>: 20,00 \u20ac&nbsp; &#8211; f\u00fcr Anmeldungen, die bis Freitag eingehen<br>Anmeldungen bis Samstag kosten 2,00 \u20ac mehr<br>Anmeldungen bis So. 12.00 Uhr 4,00 \u20ac mehr<br>wer ohne Anmeldung kommt, zahlt 6,00 \u20ac mehr<br>Wer eine\/n neue\/n Teilnehmer\/in mitbringt, zahlt die H\u00e4lfte.<\/p>\n\n\n\n<p><strong>Angebot: Frauen, die zum ersten Mal zu einer Kuschelparty kommen, zahlen den halben Preis.&nbsp;<br><\/strong><\/p>\n\n\n\n<p><strong>Anmeldung:<\/strong> <br><a href=\"mailto:irma@dilba-burnautzki.de?subject=Kuschelparty\">irma@dilba-burnautzki.de<\/a> <br>T: 030-853 81 33<\/p>\n","protected":false},"excerpt":{"rendered":"<p>K\u00f6rperkontakt nur in Verbindung mit Sex reduziert die Vielfalt unserer Wahrnehmungsf\u00e4higkeit. Wir brauchen viel mehr Gelegenheiten f\u00fcr die verschiedensten Formen von K\u00f6rperkontakt als wir glauben. Wenn wir uns auf mehr k\u00f6rperliche N\u00e4he einlassen, wird es unserer Psyche, unserem Geist und unserem K\u00f6rper sp\u00fcrbar besser gehen. Unverbindliche k\u00f6rperliche Begegnungen stimulieren unsere Sinne, die uns f\u00fcr Begegnungen &hellip; <\/p>\n<p class=\"link-more\"><a href=\"https:\/\/www.dilba-burnautzki.de\/?page_id=156\" class=\"more-link\"><span class=\"screen-reader-text\">\u201eKuschelparty\u201c<\/span> weiterlesen<\/a><\/p>\n","protected":false},"author":2,"featured_media":0,"parent":0,"menu_order":0,"comment_status":"closed","ping_status":"closed","template":"","meta":{"footnotes":""},"class_list":["post-156","page","type-page","status-publish","hentry"],"_links":{"self":[{"href":"https:\/\/www.dilba-burnautzki.de\/index.php?rest_route=\/wp\/v2\/pages\/156","targetHints":{"allow":["GET"]}}],"collection":[{"href":"https:\/\/www.dilba-burnautzki.de\/index.php?rest_route=\/wp\/v2\/pages"}],"about":[{"href":"https:\/\/www.dilba-burnautzki.de\/index.php?rest_route=\/wp\/v2\/types\/page"}],"author":[{"embeddable":true,"href":"https:\/\/www.dilba-burnautzki.de\/index.php?rest_route=\/wp\/v2\/users\/2"}],"replies":[{"embeddable":true,"href":"https:\/\/www.dilba-burnautzki.de\/index.php?rest_route=%2Fwp%2Fv2%2Fcomments&post=156"}],"version-history":[{"count":5,"href":"https:\/\/www.dilba-burnautzki.de\/index.php?rest_route=\/wp\/v2\/pages\/156\/revisions"}],"predecessor-version":[{"id":378,"href":"https:\/\/www.dilba-burnautzki.de\/index.php?rest_route=\/wp\/v2\/pages\/156\/revisions\/378"}],"wp:attachment":[{"href":"https:\/\/www.dilba-burnautzki.de\/index.php?rest_route=%2Fwp%2Fv2%2Fmedia&parent=156"}],"curies":[{"name":"wp","href":"https:\/\/api.w.org\/{rel}","templated":true}]}}