{"id":154,"date":"2024-06-18T02:53:16","date_gmt":"2024-06-18T00:53:16","guid":{"rendered":"https:\/\/localhost\/dilba-burnautzki\/?page_id=154"},"modified":"2024-07-12T02:19:06","modified_gmt":"2024-07-12T00:19:06","slug":"wunscherfuellung","status":"publish","type":"page","link":"https:\/\/www.dilba-burnautzki.de\/?page_id=154","title":{"rendered":"Wunscherf\u00fcllung"},"content":{"rendered":"\n<h1 class=\"wp-block-heading has-text-color has-link-color wp-elements-3c2d9cb140edb2b1a912aba38938a6a5\" style=\"color:#7b0505\"><strong>Probleme sind nur unerf\u00fcllte W\u00fcnsche<\/strong><\/h1>\n\n\n\n<p>Alle Menschen haben W\u00fcnsche. Doch die meisten Menschen glauben, es h\u00e4nge vom Zufall ab, ob sich ein Wunsch erf\u00fcllt. Das was sie glauben, dem geben sie Energie oder ihre Aufmerksamkeit und genau das trifft dann auch ein. Unsere W\u00fcnsche motivieren uns zu handeln, doch stets sehen wir keinen Weg aktiv zu werden. An diesem Punkt angekommen, geben es die meisten Menschen auf zu w\u00fcnschen.<\/p>\n\n\n\n<p>Unser rationaler Verstand kann nicht alles steuern, dann bedr\u00e4ngt er uns mit Zweifeln und erschafft Probleme. Das alles sind nur Einf\u00e4lle unseres Denksystems und nichts mehr! Diese l\u00f6sen sich auf wie Seifenblasen, wenn wir unseren W\u00fcnschen treu bleiben. Es gibt viele Wege, unseren W\u00fcnschen viel freudvolle Aufmerksamkeit zu geben, damit sie in Erf\u00fcllung gehen. Das Einzige was wichtig ist, bleibe dran, erwarte deine Zweifel, sie sind sehr wichtige Schaltstellen.<br><\/p>\n\n\n\n<p>Wenn Gott seine Liebsten beschenkt, dann packt er sein Geschenk in die H\u00fclle eines Problemes ein, damit sie dem Geschenk viel Aufmerksamkeit geben und ihr negatives Denken ins positive Denken umwandeln. Die Wunscherf\u00fcllungsgruppe ist auch eine M\u00f6glichkeit, dein negatives Denken in positives Denken zu ver\u00e4ndern.<\/p>\n\n\n\n<p><strong>Termin:<\/strong> neue Termine in Arbeit! VHS Spandau<br><strong>Anmeldung \/ Kontakt:<\/strong>&nbsp;<a href=\"http:\/\/www.vhs-spandau.de\" target=\"_blank\" rel=\"noreferrer noopener\">www.vhs-spandau.de<\/a>,<br><strong>Ort: <\/strong>VHS, Carl-Schurz-Str. 17, Spandau<\/p>\n","protected":false},"excerpt":{"rendered":"<p>Probleme sind nur unerf\u00fcllte W\u00fcnsche Alle Menschen haben W\u00fcnsche. Doch die meisten Menschen glauben, es h\u00e4nge vom Zufall ab, ob sich ein Wunsch erf\u00fcllt. Das was sie glauben, dem geben sie Energie oder ihre Aufmerksamkeit und genau das trifft dann auch ein. Unsere W\u00fcnsche motivieren uns zu handeln, doch stets sehen wir keinen Weg aktiv &hellip; <\/p>\n<p class=\"link-more\"><a href=\"https:\/\/www.dilba-burnautzki.de\/?page_id=154\" class=\"more-link\"><span class=\"screen-reader-text\">\u201eWunscherf\u00fcllung\u201c<\/span> weiterlesen<\/a><\/p>\n","protected":false},"author":2,"featured_media":0,"parent":0,"menu_order":0,"comment_status":"closed","ping_status":"closed","template":"","meta":{"footnotes":""},"class_list":["post-154","page","type-page","status-publish","hentry"],"_links":{"self":[{"href":"https:\/\/www.dilba-burnautzki.de\/index.php?rest_route=\/wp\/v2\/pages\/154","targetHints":{"allow":["GET"]}}],"collection":[{"href":"https:\/\/www.dilba-burnautzki.de\/index.php?rest_route=\/wp\/v2\/pages"}],"about":[{"href":"https:\/\/www.dilba-burnautzki.de\/index.php?rest_route=\/wp\/v2\/types\/page"}],"author":[{"embeddable":true,"href":"https:\/\/www.dilba-burnautzki.de\/index.php?rest_route=\/wp\/v2\/users\/2"}],"replies":[{"embeddable":true,"href":"https:\/\/www.dilba-burnautzki.de\/index.php?rest_route=%2Fwp%2Fv2%2Fcomments&post=154"}],"version-history":[{"count":3,"href":"https:\/\/www.dilba-burnautzki.de\/index.php?rest_route=\/wp\/v2\/pages\/154\/revisions"}],"predecessor-version":[{"id":340,"href":"https:\/\/www.dilba-burnautzki.de\/index.php?rest_route=\/wp\/v2\/pages\/154\/revisions\/340"}],"wp:attachment":[{"href":"https:\/\/www.dilba-burnautzki.de\/index.php?rest_route=%2Fwp%2Fv2%2Fmedia&parent=154"}],"curies":[{"name":"wp","href":"https:\/\/api.w.org\/{rel}","templated":true}]}}