{"id":145,"date":"2024-06-18T02:45:08","date_gmt":"2024-06-18T00:45:08","guid":{"rendered":"https:\/\/localhost\/dilba-burnautzki\/?page_id=145"},"modified":"2024-07-06T18:47:22","modified_gmt":"2024-07-06T16:47:22","slug":"beziehungsseminare","status":"publish","type":"page","link":"https:\/\/www.dilba-burnautzki.de\/?page_id=145","title":{"rendered":"Beziehungsseminare"},"content":{"rendered":"\n<p class=\"has-very-light-gray-to-cyan-bluish-gray-gradient-background has-background\">Die Seminare sind jeweils f\u00fcr eine Dauer von zwei Tagen, mit sechs (vhs-Seminare) und acht Stunden (nicht vhs) pro Tag, konzipiert.<\/p>\n\n\n\n<h1 class=\"wp-block-heading has-text-color has-link-color wp-elements-4a4478b03b768b10b79ab3efe3b896f5\" style=\"color:#7b0505\"><strong>Wie finde ich den richtigen Partner?<\/strong><\/h1>\n\n\n\n<p>Du f\u00fchlst dich offen f\u00fcr eine Beziehung, aber du findest nicht den &#8222;richtigen&#8220; Partner? Bist du sicher, dass du wirklich willst? Was machst du daf\u00fcr? Wieviel Zeit, Energie und Liebe bist du bereit daf\u00fcr zu geben?<\/p>\n\n\n\n<p>Wie pr\u00e4sentierst du dich? Wie wirst du von anderen wahrgenommen? Wie gehst du mit dir selbst um? Wie teilst du dich anderen mit? Welche unbewussten Botschaften sendest du aus?<\/p>\n\n\n\n<p>In diesem Seminar hast du zun\u00e4chst Gelegenheit, dich selbst kennenzulernen. Du erf\u00e4hrst dabei etwas \u00fcber deine unbewussten inneren Glaubenss\u00e4tze, die dich mehr beeinflussen als du denkst. Vielleicht st\u00f6\u00dft du dabei auch auf einige scheinbar n\u00fctzliche Lebensl\u00fcgen, die dich bisher daran hindern, deinen wirklichen Bed\u00fcrfnissen nachzugehen.<\/p>\n\n\n\n<p>Du wirst erkennen, wie negative Glaubenss\u00e4tze verhindern, dass deine Beziehungsw\u00fcnsche in Erf\u00fcllung gehen. Du wirst erfahren, wie du dich selbst sabotierst. Wenn du das sp\u00fcrst, kannst du deine negativen Glaubenss\u00e4tze \u00e4ndern &#8211; in Richtung auf befriedigende Beziehungen. Von da an wird vieles anders sein.<\/p>\n\n\n\n<p><strong>Termin:<\/strong><\/p>\n\n\n\n<p><strong>Ort<\/strong>: Berlin-Sch\u00f6neberg<br><strong>Anmeldung \/ Kontakt:<\/strong> <a href=\"mailto:irma@dilba-burnautzki.de?subject=Wie%20finde%20ich%20den%20richtigen%20Partner%3F\">irma@dilba-burnautzki.de<\/a>, Tel. 030-853 81 33<\/p>\n\n\n\n<p><strong>Kosten :<\/strong><\/p>\n\n\n\n<hr class=\"wp-block-separator has-alpha-channel-opacity is-style-wide\"\/>\n\n\n\n<h1 class=\"wp-block-heading has-text-color has-link-color wp-elements-80338ec6dfcb98f02dcdb3b4ea8630bd\" style=\"color:#7b0505\"><strong>Wenn schlechte Erfahrungen sich wiederholen<\/strong><\/h1>\n\n\n\n<p>Warum wiederholen sich bei uns eigentlich immer wieder dieselben Erfahrungen?<br>&nbsp;Kennst du nicht auch das Gef\u00fchl, das einen zum Beispiel in einem Streit mit dem Partner beschleicht, dass es wieder genauso ist wie immer, dass man gerade wieder eins der D\u00e9j\u00e0-vus erlebt?<br>Festgefahren in einer Erfahrungsschleife des Lebens!<\/p>\n\n\n\n<p>An diesem Befund k\u00f6nnen nur wir selbst etwas \u00e4ndern, aber nur wenn wir es wirklich wollen. Wir sollten uns die Zeit nehmen, herauszufinden, welche Glaubens\u00e4tze unser Unterbewusstsein, unser f\u00fchlendes Wesen, gespeichert hat, was es vom Leben f\u00fcr eine Meinung hat.<\/p>\n\n\n\n<p>Lassen wir uns auf unser f\u00fchlendes Wesen ein, dann l\u00e4sst es sich f\u00fchren und umpolen. Wenn wir unseren Gef\u00fchlen keinen Raum geben, dann wiederholt unser Unterbewusstsein leidenschaftlich gerne gespeicherte Erfahrungen. Sp\u00fcren wir die alten, unreflektiert verinnerlichten Glaubenss\u00e4tze (Glaubenskonzepte) auf, erkennen wir sie als Irrt\u00fcmer. Dann verlieren sie ihre Kraft in unserem Unterbewusstsein. Sie werden uns bewusst und k\u00f6nnen neu bewertet werden bis sie wirkungslos werden.<\/p>\n\n\n\n<p><strong>Termin:<\/strong> auf Anfrage<br><strong>Anmeldung \/ Kontakt:<\/strong> <a href=\"mailto:irma@dilba-burnautzki.de?subject=Wenn%20schlechte%20Erfahrungen%20sich%20wiederholen%20%20\">irma@dilba-burnautzki.de<\/a>, Tel. 030-853 81 33<\/p>\n\n\n\n<hr class=\"wp-block-separator has-alpha-channel-opacity is-style-wide\"\/>\n\n\n\n<h1 class=\"wp-block-heading has-text-color has-link-color wp-elements-0ae0fd20803523436055fa4b7841a531\" style=\"color:#7b0505\"><strong>Das Beste von Dir<\/strong><\/h1>\n\n\n\n<p>Es ist sehr wichtig, deine unbewussten Verhaltensmuster und Selbstabwertungen aufzusp\u00fcren, sie zu erkennen und aufzul\u00f6sen. Aber es ist genauso wichtig, dich selbst wertzusch\u00e4tzen, deine F\u00e4higkeiten und Fertigkeiten anzuerkennen, wahrzunehmen wie viel du gibst, wie viel du bekommst und wie reich dein Leben auch jetzt schon ist.<br>&nbsp;Unser Unterbewusstsein braucht viel Lob. Wenn du immer auf den Mangel schaust, dann erschaffst du immer mehr davon. Wenn du anf\u00e4ngst, f\u00fcr dich selbst Wertsch\u00e4tzung zu empfinden, dann findest du bald von allein immer mehr Gr\u00fcnde, dich selbst zu lieben. Dein Unterbewusstsein kreiert dann umso mehr Freude, Wertsch\u00e4tzung und Liebe auch in deinem \u00e4u\u00dferen Leben.<\/p>\n\n\n\n<p><strong>Termin:&nbsp;<\/strong><\/p>\n\n\n\n<p><strong>Ort<\/strong>: Berlin-Sch\u00f6neberg<br><strong>Anmeldung \/ Kontakt:<\/strong> <a href=\"mailto:irma@dilba-burnautzki.de?subject=Das%20Beste%20von%20Dir\">irma@dilba-burnautzki.de<\/a>, Tel. 030-853 81 33<\/p>\n\n\n\n<p><strong>Kosten<\/strong>:<\/p>\n\n\n\n<hr class=\"wp-block-separator has-alpha-channel-opacity is-style-wide\"\/>\n\n\n\n<h1 class=\"wp-block-heading has-text-color has-link-color wp-elements-e4963dd000928203af206e882bf98830\" style=\"color:#7b0505\"><strong>Auf zu neuen Beziehungsufern &#8211; Manifestiere Dein Leben!<\/strong><\/h1>\n\n\n\n<p>Du wei\u00dft mittlerweile, was du willst? Dann kannst du auch die Diskrepanz f\u00fchlen zwischen Wunsch und Wirklichkeit. Und genau das wird dir die Kraft geben, die du brauchst, um deine (Beziehungs-)W\u00fcnsche wahr werden zu lassen.<br>&nbsp;In diesem Workshop werden die letzten negativen Konzepte ans Tageslicht geholt. Wenn es bis jetzt nicht passiert ist: Hier kannst du dich vom verdr\u00e4ngten Schmerz l\u00f6sen, hier wirst du in die Lage versetzt, deine unbewusste Blockadehaltung aufzugeben, authentisch zu werden und deinen wahren Bed\u00fcrfnissen nachzugehen.<br>Hier lernst du, deine W\u00fcnsche f\u00fcr den Alltag zu manifestieren, um die Kraft zu entwickeln, ihnen zu folgen. Du wirst fit gemacht, um Grundlegendes in deinem Liebesleben zu verbessern. Ab jetzt hei\u00dft es: Auf zu neuen Beziehungsufern!<br>&nbsp;<\/p>\n\n\n\n<p><strong>Termin:<\/strong>&nbsp;<\/p>\n\n\n\n<p><strong>Ort:<\/strong> Berlin-Sch\u00f6neberg<br><strong>Anmeldung \/ Kontakt:<\/strong> <a href=\"mailto:irma@dilba-burnautzki.de?subject=Auf%20zu%20neuen%20Beziehungsufern%3A%20Manifestiere%20Dein%20Leben!\">irma@dilba-burnautzki.de<\/a>, Tel. 030-853 81 33<\/p>\n\n\n\n<p><strong>Kosten:<\/strong><\/p>\n\n\n\n<hr class=\"wp-block-separator has-alpha-channel-opacity is-style-wide\"\/>\n\n\n\n<h1 class=\"wp-block-heading has-text-color has-link-color wp-elements-6be453b6ff0a461e3b61f6cbf0c8809d\" style=\"color:#7b0505\"><strong>Kommunikation in Beziehung und Partnerschaft<\/strong><\/h1>\n\n\n\n<p>Ausgedr\u00fcckte Gef\u00fchle verbinden und unterdr\u00fcckte Gef\u00fchle trennen Menschen.<\/p>\n\n\n\n<p>Andere Menschen machen unser Leben bunt, lebendig und liebenswert. M\u00fcssen wir einen Preis daf\u00fcr zahlen? Wir m\u00fcssen daf\u00fcr Zeit investieren, immer ein offenes Ohr f\u00fcr die Sorgen Anderer haben, den Berater spielen und so weiter. Das scheint so zu sein, ist aber lediglich ein Gedankenkonzept, das den, der so denkt, zum Opfer der Beziehung macht. Damit ist man nicht gut zu sich selbst und dr\u00e4ngt den Partner in eine festgelegte Rolle.<br>Begegnungen mit Menschen ganz allgemein und besonders innerhalb einer Partnerschaft erwecken die gesamte Gef\u00fchlspalette, die in uns steckt. Es ist nicht der Partner oder die Partnerin, die uns das Leben schwer machen. Es sind immer unsere eigenen Gef\u00fchle, die wir ertragen m\u00fcssen und kein anderer Mensch tr\u00e4gt die Verantwortung f\u00fcr sie. Menschen, denen wir begegnen sind so wie sie sind. Das Leben erf\u00fcllt manchmal nicht sofort unsere Erwartungen. Wir reagieren unbewusst mit unseren Gef\u00fchlen aus der Vergangenheit darauf und verkennen die gegenw\u00e4rtige Situation.<br>&nbsp;Es ist besser zu lernen, seine eigenen Gef\u00fchle als solche zu erkennen und sie anzunehmen. Gef\u00fchle kommen und gehen. Wenn wir aufh\u00f6ren, sie zu unterdr\u00fccken oder auf andere zu projizieren, dann entdecken wir, dass Gef\u00fchle eine Erleichterung sind. Die nat\u00fcrliche Aufgabe unserer Gef\u00fchle ist uns zu entlasten und zu erleichtern.<\/p>\n\n\n\n<p>Das Seminar gibt dir die Gelegenheit, unbewusste und unn\u00f6tige K\u00e4mpfe zu erkennen und sie zu beenden. Wir erfahren uns als Meister unserer Gef\u00fchle, die nur wir selbst bestimmen k\u00f6nnen. Nur wir selbst sind die Verursacher und wir bestimmen die Wirkung.<\/p>\n\n\n\n<p><strong>Termin:<\/strong>&nbsp; 12.01. &#8211; 13.01.2019, Sp1.222-W,&nbsp; 10.00-16.00 Uhr&nbsp;&nbsp;&nbsp;&nbsp;&nbsp;&nbsp;&nbsp;&nbsp;&nbsp;&nbsp;&nbsp;&nbsp;&nbsp;<\/p>\n\n\n\n<p><strong>Ort:<\/strong> VHS Spandau, Haus der Volkshochschule, 13597 Berlin, Carl-Schurz-Str. 17&nbsp; Raum 2.05<\/p>\n\n\n\n<p><strong>Kosten:<\/strong> 43,20 \u20ac, erm\u00e4\u00dfigt 23,60 \u20ac<\/p>\n\n\n\n<p><strong>Anmeldung\/Kontakt: <\/strong><a href=\"https:\/\/www.vhsit.berlin.de\/VHSKURSE\/BusinessPages\/CourseDetail.aspx?id=407373\" target=\"_blank\" rel=\"noreferrer noopener\">Online-Anmeldung<\/a> \u00fcber die Volkshochschule, <a href=\"http:\/\/www.vhs-spandau.de\">www.vhs-spandau.de<\/a>, E-Mail: <a href=\"mailto:info@vhs-spandau.de\">info@vhs-spandau.de<\/a>, Online-Anmeldung: <a href=\"http:\/\/www.vhs.berlin.de,%C2%A0\">www.vhs.berlin.de,&nbsp;<\/a> Tel.: 030.90279-5000<\/p>\n\n\n\n<p><strong>Information:<\/strong><a href=\"mailto:irma@dilba-burnautzki.de?subject=Familienaufstellung\"> irma@dilba-burnautzki.de<\/a>, Tel. 030-853 81 33<\/p>\n\n\n\n<hr class=\"wp-block-separator has-alpha-channel-opacity is-style-wide\"\/>\n\n\n\n<h1 class=\"wp-block-heading has-text-color has-link-color wp-elements-dad92b77ba36b3f8daed30e94e015b85\" style=\"color:#7b0505\"><strong>Beziehungsf\u00e4higkeit lernen<\/strong><\/h1>\n\n\n\n<p>Die Beziehungst\u00fcr \u00f6ffnen: Darum geht es in diesem Workshop. Egal ob du Single bis, Dich unwohl in der Partnerschaft f\u00fchlst oder eine neue Liebe suchst: Hier werden deine Gef\u00fchle ernst genommen. Hier kannst du lernen, Deine bewussten oder unbewussten Emotionen wahrzunehmen &#8211; um Liebe und Freundschaft besser und intensiver zu erfahren.<br>&nbsp;Werde Dir deiner Gef\u00fchle bewusst &#8211; und Du wirst eine gl\u00fcckliche Beziehung erleben. Lerne Deine Liebe und Freude verbindlich zu empfinden. Weg mit der Angst vor N\u00e4he, weg mit dem Sich-schuldig- und Sich-minderwertig-F\u00fchlen! Du bist wertvoll! Aber Du musst auch das Verborgene in dir erkennen und akzeptieren.<br>&nbsp;Lerne wie Du Dir durch unbewusstes Rollenverhalten in Beziehungen selbst schadest &#8211; und lasse Dir zeigen, wie Du Dich davon l\u00f6sen kannst. Erfahre wie Du Dich authentisch verhalten kannst. Du wirst merken, wie froh und attraktiv Dich das machen wird.<br>&nbsp;In diesem Seminar kommst Du mit deinen negativen Erfahrungen in Kontakt, Du wirst dich mit ihnen auseinandersetzen und Dich schlie\u00dflich von ihnen l\u00f6sen.<\/p>\n\n\n\n<p><strong>Termin:<\/strong><\/p>\n\n\n\n<p><strong>Ort:<\/strong> Berlin-Sch\u00f6neberg<br><strong>Anmeldung \/ Kontakt:<\/strong> <a href=\"mailto:irma@dilba-burnautzki.de?subject=Beziehungsf%C3%A4higkeit%20lernen\">irma@dilba-burnautzki.de<\/a>, Tel. 030-853 81 33<\/p>\n\n\n\n<p><strong>Kosten:<\/strong><\/p>\n\n\n\n<hr class=\"wp-block-separator has-alpha-channel-opacity is-style-wide\"\/>\n\n\n\n<h1 class=\"wp-block-heading has-text-color has-link-color wp-elements-e199558f87872db01e5be803e54ae75f\" style=\"color:#7b0505\"><strong>Wege zu einer gl\u00fccklichen Beziehung<\/strong><\/h1>\n\n\n\n<p>Das h\u00e4ttest du wohl gern: Einen tollen Partner, wunderbare Freunde, eine ideale Familie. Aber es will einfach nicht so richtig klappen?<br>Wenn Beziehungen unbefriedigend sind oder erst gar nicht zustande kommen, liegt das oft am unbewussten Nein in uns selbst: Statt Chancen zu ergreifen und N\u00e4he zuzulassen, sabotieren wir uns und unsere M\u00f6glichkeiten unbewusst selbst.<br>Das k\u00f6nnen wir \u00e4ndern: Aber erst, wenn wir bereit sind, unseren unbewussten Neins Beachtung zu schenken. Erst dann \u00f6ffnet sich der Zugang zum Ja.<br>In diesem Workshop hast du Gelegenheit, vieles \u00fcber deine Selbst-Blockierungen zu erfahren. Du gewinnst Klarheit dar\u00fcber, welche Gedanken, Gef\u00fchle und Verhaltensmuster dich von einer gl\u00fccklichen Beziehung abhalten und du schaust tiefer in dein Beziehungsmuster hinein. Welche Belastungen bringen Beziehungen f\u00fcr dich mit sich? Inwiefern bereichern sie dich? Was f\u00fchlst du beim Zusammensein mit Partnern und Freunden? Wie verh\u00e4ltst du dich? Wie erleben dich andere?<br>&nbsp;Du wirst lernen: Wie du dich und deine Pers\u00f6nlichkeit einsetzen kannst, um Liebe und Freundschaft zu gewinnen und zu erhalten. Zusammen erforschen wir individuelle Wege, wie du eine verbindliche und gl\u00fcckliche Beziehung herstellen kannst.<\/p>\n\n\n\n<p><strong>Termin:<\/strong><\/p>\n\n\n\n<p><strong>Ort<\/strong>: Berlin-Sch\u00f6neberg<br><strong>Anmeldung \/ Kontakt:<\/strong> <a href=\"mailto:irma@dilba-burnautzki.de?subject=Wie%20finde%20ich%20den%20richtigen%20Partner%3F\">irma@dilba-burnautzki.de<\/a>, Tel. 030-853 81 33<\/p>\n\n\n\n<p><strong>Kosten:<\/strong><\/p>\n\n\n\n<hr class=\"wp-block-separator has-alpha-channel-opacity is-style-wide\"\/>\n\n\n\n<h1 class=\"wp-block-heading has-text-color has-link-color wp-elements-71accd5353da67c562e694a036a3aa6d\" style=\"color:#7b0505\"><strong>Sexualit\u00e4t, die gro\u00dfe Lust<\/strong><\/h1>\n\n\n\n<p>Wir leben im Zeitalter grenzenloser Freiheit. Jeder kann seine sexuellen Bed\u00fcrfnisse frei ausleben. Folge deinen Gef\u00fchlen bis zum Schluss. Extase der Lust ist erfahrbar. Aber Sexualit\u00e4t in der Liebe auszuleben konfrontiert uns mit einer Vielzahl von Gef\u00fchlen, nicht nur Euphorie sondern auch Leid, \u00c4ngsten, Schmerz und Aggressionen. Was passiert mit dir, wenn du dich hingibst und \u00f6ffnest?<\/p>\n\n\n\n<p>&nbsp;Es ist wichtig zu sehen, dass der genetische Unterschied in der DNS zwischen M\u00e4nnern und Frauen nur etwas \u00fcber drei Prozent ausmacht. Das ist nicht viel. Der Unterschied besteht in jeder Zelle des menschlichen K\u00f6rpers und in der Psyche. Diese drei Prozent sollten ausgelebt werden. Frauen und M\u00e4nner erleben Sexualit\u00e4t, N\u00e4he und Liebe verschieden und doch \u00e4hnlich, aber sie reagieren sehr unterschiedlich.<\/p>\n\n\n\n<p>&nbsp;Bist du bereit diese Diskrepanz zu erkennen, auszuhalten und auszuleben, dann er\u00f6ffnen sich neue Dimensionen in Partnerschaft und Sexualit\u00e4t.<\/p>\n\n\n\n<p><strong>Termin:<\/strong> Auf Anfrage<\/p>\n\n\n\n<p><strong>Ort:<\/strong>&nbsp;<\/p>\n\n\n\n<p><strong>Kosten:<\/strong><\/p>\n\n\n\n<p><strong>Anmeldung \/ Kontakt:<\/strong> <a href=\"mailto:irma@dilba-burnautzki.de?subject=Wenn%20Menschen%20zu%20sehr%20lieben\">irma@dilba-burnautzki.de<\/a>, Tel. 030-853 81 33<\/p>\n","protected":false},"excerpt":{"rendered":"<p>Die Seminare sind jeweils f\u00fcr eine Dauer von zwei Tagen, mit sechs (vhs-Seminare) und acht Stunden (nicht vhs) pro Tag, konzipiert. Wie finde ich den richtigen Partner? Du f\u00fchlst dich offen f\u00fcr eine Beziehung, aber du findest nicht den &#8222;richtigen&#8220; Partner? Bist du sicher, dass du wirklich willst? Was machst du daf\u00fcr? Wieviel Zeit, Energie &hellip; <\/p>\n<p class=\"link-more\"><a href=\"https:\/\/www.dilba-burnautzki.de\/?page_id=145\" class=\"more-link\"><span class=\"screen-reader-text\">\u201eBeziehungsseminare\u201c<\/span> weiterlesen<\/a><\/p>\n","protected":false},"author":2,"featured_media":0,"parent":0,"menu_order":0,"comment_status":"closed","ping_status":"closed","template":"","meta":{"footnotes":""},"class_list":["post-145","page","type-page","status-publish","hentry"],"_links":{"self":[{"href":"https:\/\/www.dilba-burnautzki.de\/index.php?rest_route=\/wp\/v2\/pages\/145","targetHints":{"allow":["GET"]}}],"collection":[{"href":"https:\/\/www.dilba-burnautzki.de\/index.php?rest_route=\/wp\/v2\/pages"}],"about":[{"href":"https:\/\/www.dilba-burnautzki.de\/index.php?rest_route=\/wp\/v2\/types\/page"}],"author":[{"embeddable":true,"href":"https:\/\/www.dilba-burnautzki.de\/index.php?rest_route=\/wp\/v2\/users\/2"}],"replies":[{"embeddable":true,"href":"https:\/\/www.dilba-burnautzki.de\/index.php?rest_route=%2Fwp%2Fv2%2Fcomments&post=145"}],"version-history":[{"count":3,"href":"https:\/\/www.dilba-burnautzki.de\/index.php?rest_route=\/wp\/v2\/pages\/145\/revisions"}],"predecessor-version":[{"id":149,"href":"https:\/\/www.dilba-burnautzki.de\/index.php?rest_route=\/wp\/v2\/pages\/145\/revisions\/149"}],"wp:attachment":[{"href":"https:\/\/www.dilba-burnautzki.de\/index.php?rest_route=%2Fwp%2Fv2%2Fmedia&parent=145"}],"curies":[{"name":"wp","href":"https:\/\/api.w.org\/{rel}","templated":true}]}}