{"id":123,"date":"2024-06-18T02:14:38","date_gmt":"2024-06-18T00:14:38","guid":{"rendered":"https:\/\/localhost\/dilba-burnautzki\/?page_id=123"},"modified":"2024-07-12T02:06:19","modified_gmt":"2024-07-12T00:06:19","slug":"workshops","status":"publish","type":"page","link":"https:\/\/www.dilba-burnautzki.de\/?page_id=123","title":{"rendered":"Workshops"},"content":{"rendered":"\n<h1 class=\"wp-block-heading has-text-color has-link-color wp-elements-ca94b30a75ba6ee446be4b39cbbbec9e\" style=\"color:#7b0505\"><strong>Begegnung mit dem inneren Kind<\/strong><\/h1>\n\n\n\n<p>Das Verhalten unserer Eltern hat eine sehr tiefgehende Wirkung auf uns. Ihre Lebensmaximen und Glaubenss\u00e4tze haben jahrelang auf uns eingewirkt und sind die Basis, auf der wir unsere jetzige Realit\u00e4t erschaffen haben. In der Regel wiederholen und best\u00e4tigen wir die Konzepte unserer Eltern. Unser <strong>inneres Kind<\/strong> wei\u00df was es will und es hat auch die Lust sich daf\u00fcr einzusetzten.<br>Aber du kannst jederzeit wieder Kontakt zu ihm aufnehmen mit deinem Willen, deiner Lebendigkeit und deiner Freude. Eine harmonische Beziehung zwischen dir und deinen W\u00fcnschen ist die Voraussetzung f\u00fcr pers\u00f6nliches Wachstum und Heilung.<\/p>\n\n\n\n<p><strong>Termin: 21.09. &#8211; 22.09.2024 Sp1.218-H<br><\/strong>t\u00e4glich von 10.00-16.00 Uhr, Vhs -Spandau<\/p>\n\n\n\n<p><strong>Ort:<\/strong> VHS Spandau, Haus der Volkshochschule, Carl-Schurz-Str. 17,<\/p>\n\n\n\n<p><strong>Kosten:<\/strong> 45,08 \u20ac, erm\u00e4\u00dfigt 23,60 \u20ac<\/p>\n\n\n\n<p><strong>Anmeldung\/Kontakt: <\/strong><br>Online-Anmeldung:  \u00fcber die Volkshochschule, <br><a href=\"http:\/\/www.vhs-spandau.de\" target=\"_blank\" rel=\"noreferrer noopener\">www.vhs-spandau.de<\/a><br><a href=\"mailto:info@vhs-spandau.de\">info@vhs-spandau.de<\/a><\/p>\n\n\n\n<p><br>Online-Anmeldung: <br><a href=\"https:\/\/www.berlin.de\/vhs\/\" target=\"_blank\" rel=\"noreferrer noopener\">www.vhs.berlin.de<\/a><br>Tel.: 030 \/ 90279-5000<\/p>\n\n\n\n<p><strong>Information:<\/strong> <br>irma@dilba-burnautzki.de<\/p>\n\n\n\n<hr class=\"wp-block-separator has-alpha-channel-opacity is-style-wide\"\/>\n\n\n\n<h1 class=\"wp-block-heading has-text-color has-link-color wp-elements-d505338fd2933153a73231f7fb0af3a6\" style=\"color:#7b0505\"><strong>Macht, Kampf und Gef\u00fchle<\/strong><\/h1>\n\n\n\n<p>Viele Menschen lieben den Machtkampf, weil er ihnen das tr\u00fcgerische Gef\u00fchl gibt, lebendig zu sein. Aber Machtk\u00e4mpfe in den Spielarten von Rechthaberei, Besserwisserei und Abwertungen des Partners setzten wir auch unbewusst ein, um nicht verarbeitete Gef\u00fchle zu \u00fcberwinden, wie Kr\u00e4nkungen und Niederlagen. Unbewusst reproduzieren wir damit bei unserem Gegen\u00fcber die gleichen Abl\u00e4ufe und Emotionen, unter denen wir selbst so gelitten haben und entfernen uns dabei von unseren eigentlichen Bed\u00fcrfnissen und Gef\u00fchlen.<br>&nbsp;In diesem Workshop kannst du deine unbewussten K\u00e4mpfe und Kampfstrategien entdecken und den Zugang zu deiner tats\u00e4chlichen Macht wieder finden. Und du wirst staunen wie viel Leichtigkeit und Freude sich in deinem Leben ausbreitet.<\/p>\n\n\n\n<p><strong>Termin:<\/strong><\/p>\n\n\n\n<p><strong>Ort:<\/strong> Berlin-Sch\u00f6neberg<\/p>\n\n\n\n<p><strong>Anmeldung \/ Kontakt:<\/strong> <br>irma@dilba-burnautzki.de<\/p>\n\n\n\n<p><strong>Kosten:<\/strong><\/p>\n\n\n\n<hr class=\"wp-block-separator has-alpha-channel-opacity is-style-wide\"\/>\n\n\n\n<h1 class=\"wp-block-heading has-text-color has-link-color wp-elements-b8662f3846be47882ce8f794c246fb6e\" style=\"color:#7b0505\"><strong>Leben statt Vermeiden<\/strong><\/h1>\n\n\n\n<p>Als Kinder waren wir neugierig und spontan. Wir wollten das Leben ausprobieren und genie\u00dfen. Doch durch st\u00e4ndige Reglementierungen unserer Eltern, die ihre eigenen \u00c4ngste, unerf\u00fcllten W\u00fcnsche und Lebenskonzepte auf uns \u00fcbertrugen, verloren wir nach und nach unsere Lebendigkeit und unser Zutrauen zu uns selbst. Unsere Angst vor Ver\u00e4nderungen wurde immer gr\u00f6\u00dfer. Doch das muss nicht so bleiben.<br>&nbsp;Ziel des Workshops ist es, dein urspr\u00fcnglich einmal vorhandenes Selbstvertrauen wiederzuerwecken, es auszubauen und zu manifestieren &#8211; damit du das Leben frei von unbewussten \u00c4ngsten genie\u00dfen kannst und es nicht mehr vermeiden musst.<\/p>\n\n\n\n<p><strong>Termin:<\/strong> auf Anfrage<\/p>\n\n\n\n<p><strong>Anmeldung \/ Kontakt<\/strong>: <br>irma@dilba-burnautzki.de<\/p>\n\n\n\n<hr class=\"wp-block-separator has-alpha-channel-opacity is-style-wide\"\/>\n\n\n\n<h1 class=\"wp-block-heading has-text-color has-link-color wp-elements-37f9c8e6b3d373bcd2ddea740680f368\" style=\"color:#7b0505\"><strong>Lust und Schuldgef\u00fchle<\/strong><\/h1>\n\n\n\n<p>Was hindert so viele Menschen daran, ein gl\u00fcckliches und erfolgreiches Leben zu f\u00fchren? Oft sind es unbewusste Schuldgef\u00fchle, die verhindern, dass wir unsere Ziele und W\u00fcnsche in die Realit\u00e4t umsetzen.<\/p>\n\n\n\n<p>Den Schuldgef\u00fchlen steht die Lust gegen\u00fcber. Lust am Leben, an der Liebe, an den t\u00e4glichen Herausforderungen, am Erfolg. Lust stimuliert uns und macht uns noch mehr Lust. Lust ist der psychische Treibstoff, der unser Leben n\u00e4hrt.<\/p>\n\n\n\n<p>In diesem Workshop kannst du vielleicht zum ersten Mal wahrnehmen, welche verborgenen Schuldgef\u00fchle dich von einem lustvollen Leben abhalten. Du lernst deine Gef\u00fchle ernst zu nehmen, sie mit Anderen auszuleben, dich zu konfrontieren und dich wieder deinem Gegen\u00fcber zuzuwenden. Dabei werden negative Gedankenkonzepte aufgesp\u00fcrt und ver\u00e4ndert, damit du dich deinen W\u00fcnschen und Zielen n\u00e4hern kannst &#8211; um ein lustvolles und erf\u00fclltes Leben zu f\u00fchren.<\/p>\n\n\n\n<p><strong>Termin:<\/strong><\/p>\n\n\n\n<p><strong>Ort:<\/strong> Berlin-Sch\u00f6neberg<br><strong>Anmeldung \/ Kontakt:<\/strong> <br>irma@dilba-burnautzki.de<\/p>\n\n\n\n<p><strong>Kosten:&nbsp;<\/strong><\/p>\n\n\n\n<p><strong>Buchempfehlung:<\/strong> Mein Buch &#8222;Lust und Schuldgef\u00fchle&#8220;, <br>2. \u00fcberarbeitete Auflage auch als E-book bei Amazon &#8211; <a href=\"https:\/\/www.dilba-burnautzki.de\/?page_id=67\" data-type=\"page\" data-id=\"67\"><strong><mark style=\"background-color:rgba(0, 0, 0, 0)\" class=\"has-inline-color has-vivid-cyan-blue-color\">weitere Infos<\/mark><\/strong><\/a><\/p>\n\n\n\n<hr class=\"wp-block-separator has-alpha-channel-opacity is-style-wide\"\/>\n\n\n\n<h1 class=\"wp-block-heading has-text-color has-link-color wp-elements-03194ddef0495e227080a0f0b1b0bd73\" style=\"color:#7b0505\"><strong>Ho`oponopono<\/strong><\/h1>\n\n\n\n<p>Ho&#8217;oponopono ist ein sanfter und kreativer Weg die eigenen Konflikte wirklich aufzul\u00f6sen, durch die Bestellung beim Universum. Die \u00e4u\u00dfere Welt zeigt uns nur das was in unserem Innern vorgeht. Alles im Universum ist letztendlich eins und alles ist mit allem verbunden.<\/p>\n\n\n\n<p>Im n\u00e4heren zwischenmenschlichen Bereich, insbesondere mit dem Lebenspartner, funktioniert die Projektion unserer psychischen Anteile auf Andere am besten. Wenn wir akzeptieren, was ist und uns daf\u00fcr entscheiden gl\u00fccklich zu sein mit dem, wie es ist, erw\u00e4chst die gr\u00f6\u00dfte Kraft zur Ver\u00e4nderung unserer Realit\u00e4t.<\/p>\n\n\n\n<p>Die Weisheit von Ho`oponopono besteht darin, das Unannehmbare anzunehmen. Wenn du leidest oder k\u00e4mpfst, mit Menschen oder in Situationen, dann bist du im Kampf nicht nur im Au\u00dfen sondern auch im Innern. Du denkst, wenn der Andere sich blo\u00df ver\u00e4ndern w\u00fcrde, dann w\u00e4re alles gut. Aber du wei\u00dft auch, dass das nicht stimmt. Du w\u00fcrdest sofort einen anderen Grund finden zu leiden oder zu k\u00e4mpfen. Aber wenn du Dein Problem, deine Wut einfach alles liebtest, wird die an schmerzhafte Erinnerungen gebundene negative Energie befreit.<\/p>\n\n\n\n<p>&nbsp;Die Techniken des Ho&#8217;oponopono sind sehr einfach. Zum Beispiel versetzen wir uns in die Person, die Ursache f\u00fcr unsere \u00c4ngste bzw. Wut ist. Wir sp\u00fcren uns in sie hinein und stellen uns vor, wenn ich diese Person w\u00e4re, warum w\u00e4re ich so? Dabei entfaltet sich sofort oder nach kurzer Zeit ein tiefes Verst\u00e4ndnis in uns, das unseren inneren Kampf aufl\u00f6st.<\/p>\n\n\n\n<p>&nbsp;Probiere es aus, du verlierst nichts, au\u00dfer vielleicht dein Problem.<\/p>\n\n\n\n<p>Bei diesem Workshop bekommst du die Unterst\u00fctzung aller Teilnehmer, dich in die scheinbare Ursache deines Problems hineinzuf\u00fchlen und aus dieser Position heraus dich selbst zu reflektieren.<\/p>\n\n\n\n<p><strong>Termin:<\/strong> auf Anfrage<br><strong>Anmeldung \/ Kontakt:<\/strong> <br>irma@dilba-burnautzki.de<\/p>\n\n\n\n<hr class=\"wp-block-separator has-alpha-channel-opacity is-style-wide\"\/>\n\n\n\n<h1 class=\"wp-block-heading has-text-color has-link-color wp-elements-e80aa027f1bac37200b2a5e0cb57d6e2\" style=\"color:#7b0505\"><strong>Wer bin ich?<\/strong><\/h1>\n\n\n\n<p>Wir identifizieren uns mit fast allem, was uns umgibt: mit unserem Beruf, unserer Arbeit, dem Einkommen, dem Partner, der Wohnung, unserer Art uns zu kleiden usw. Die Summe all dieser Identifikationen ist das Bild, das wir nach au\u00dfen geben. Aber welche Pers\u00f6nlichkeit steckt in Wirklichkeit hinter dieser Fassade? Aus welchen Bed\u00fcrfnissen oder Motiven heraus haben wir dieses Bild von uns erschaffen?<br>&nbsp;Der Workshop gibt dir die M\u00f6glichkeit, tiefe Einsichten in dein Selbst zu erlangen. Wenn du den Mut hast, zwei Tage in dich hineinzusehen und der Frage &#8222;Wer bin ich wirklich?&#8220; nachzugehen, kommst du dir selbst nahe und erlangst Klarheit \u00fcber dein wahres Selbst.<\/p>\n\n\n\n<p><strong>Termin:<\/strong> auf Anfrage<br><strong>Anmeldung \/ Kontakt:<\/strong> <br>irma@dilba-burnautzki.de<\/p>\n","protected":false},"excerpt":{"rendered":"<p>Begegnung mit dem inneren Kind Das Verhalten unserer Eltern hat eine sehr tiefgehende Wirkung auf uns. Ihre Lebensmaximen und Glaubenss\u00e4tze haben jahrelang auf uns eingewirkt und sind die Basis, auf der wir unsere jetzige Realit\u00e4t erschaffen haben. In der Regel wiederholen und best\u00e4tigen wir die Konzepte unserer Eltern. Unser inneres Kind wei\u00df was es will &hellip; <\/p>\n<p class=\"link-more\"><a href=\"https:\/\/www.dilba-burnautzki.de\/?page_id=123\" class=\"more-link\"><span class=\"screen-reader-text\">\u201eWorkshops\u201c<\/span> weiterlesen<\/a><\/p>\n","protected":false},"author":2,"featured_media":0,"parent":0,"menu_order":0,"comment_status":"closed","ping_status":"closed","template":"","meta":{"footnotes":""},"class_list":["post-123","page","type-page","status-publish","hentry"],"_links":{"self":[{"href":"https:\/\/www.dilba-burnautzki.de\/index.php?rest_route=\/wp\/v2\/pages\/123","targetHints":{"allow":["GET"]}}],"collection":[{"href":"https:\/\/www.dilba-burnautzki.de\/index.php?rest_route=\/wp\/v2\/pages"}],"about":[{"href":"https:\/\/www.dilba-burnautzki.de\/index.php?rest_route=\/wp\/v2\/types\/page"}],"author":[{"embeddable":true,"href":"https:\/\/www.dilba-burnautzki.de\/index.php?rest_route=\/wp\/v2\/users\/2"}],"replies":[{"embeddable":true,"href":"https:\/\/www.dilba-burnautzki.de\/index.php?rest_route=%2Fwp%2Fv2%2Fcomments&post=123"}],"version-history":[{"count":24,"href":"https:\/\/www.dilba-burnautzki.de\/index.php?rest_route=\/wp\/v2\/pages\/123\/revisions"}],"predecessor-version":[{"id":334,"href":"https:\/\/www.dilba-burnautzki.de\/index.php?rest_route=\/wp\/v2\/pages\/123\/revisions\/334"}],"wp:attachment":[{"href":"https:\/\/www.dilba-burnautzki.de\/index.php?rest_route=%2Fwp%2Fv2%2Fmedia&parent=123"}],"curies":[{"name":"wp","href":"https:\/\/api.w.org\/{rel}","templated":true}]}}