{"id":103,"date":"2024-06-18T01:31:15","date_gmt":"2024-06-17T23:31:15","guid":{"rendered":"https:\/\/localhost\/dilba-burnautzki\/?page_id=103"},"modified":"2024-07-12T01:54:58","modified_gmt":"2024-07-11T23:54:58","slug":"persoenlichkeitsentwicklung","status":"publish","type":"page","link":"https:\/\/www.dilba-burnautzki.de\/?page_id=103","title":{"rendered":"Pers\u00f6nlichkeitsentwicklung"},"content":{"rendered":"<div class=\"wp-block-image\">\n<figure class=\"alignright size-full\"><img loading=\"lazy\" decoding=\"async\" width=\"200\" height=\"850\" src=\"https:\/\/www.dilba-burnautzki.de\/wp-content\/uploads\/2024\/07\/personality850x200.jpg\" alt=\"\" class=\"wp-image-193\"\/><\/figure>\n<\/div>\n\n\n<p>Selbsterfahrungsgruppe &#8211; Pers\u00f6nlichkeitsentwicklung und Beziehungsf\u00e4higkeit<\/p>\n\n\n\n<p>Die sch\u00f6nsten Augenblicke unseres Lebens erleben wir mit einem (oder mehreren) geliebten Menschen. Gl\u00fcckliche und erf\u00fcllte zwischenmenschliche Beziehungen &#8211; ob privat oder beruflich &#8211; sind das was unser Leben lebenswert macht. Mit einer gl\u00fccklichen Partnerschaft und erf\u00fcllter Sexualit\u00e4t haben wir das Wichtigste in unserem emotionalen Leben erreicht. Und darauf hat jeder Mensch auch ein Recht.<\/p>\n\n\n\n<p>Doch wie sieht oft die Realit\u00e4t aus? Der sch\u00f6nste Sonnenuntergang ist sehr schmerzvoll, wenn wir einsam sind. \u201cEine-Nacht-Aff\u00e4ren\u201c, Entt\u00e4uschungen, Leiden, Warten, Wutausbr\u00fcche, Beziehungsk\u00e4mpfe um Kleinigkeiten, Rechthaberei, erfolglose Trennungsversuche, Einsamkeit, verzweifelte Begegnungsversuche, Hoffen auf bessere Zeiten, Verzweiflung, \u00c4ngste, Depressionen, Selbstmordgedanken, Selbstabwertungen, Selbstmitleid, Vorw\u00fcrfe, Anklagen, Schuldgef\u00fchle. Am schmerzvollsten ist es, wenn die empfundene Liebe gegen\u00fcber einem anderen Menschen nicht erwidert wird. Aber auch wenn wir einen Partner haben, leiden wir unter unserem Partner, weil nicht alle Bed\u00fcrfnisse erf\u00fcllt werden oder wir nicht genug darin best\u00e4tigt werden, wie liebenswert wir sind. Die wirklich ehrliche Begegnung f\u00e4llt den meisten Menschen schwer, sie verlieren sich in antrainierten Verhaltensmustern und merken es nicht. Sie fliehen in S\u00fcchte wie Alkohol, Drogen, Essen, Hungern, exzessive Sexualit\u00e4t, Mehrfachbeziehungen oder spielen den Beleidigten, bestrafen, beleidigen, verlieren ihre Kontrolle. Sie verstecken sich hinter der Arbeit, vor dem Fernsehger\u00e4t, am Computer, chatten anonym herum, weil sie Kontakt suchen, aber die N\u00e4he nicht ertragen k\u00f6nnen. Das alles sind verzweifelte Versuche, ihrer inneren Leere, ihrer Angst vor der Einsamkeit zu entfliehen.<\/p>\n\n\n\n<p>Durch den Umgang mit anderen Menschen werden alle unsere verdr\u00e4ngten Gef\u00fchle, Beziehungs-, Verhaltensmuster und unbewussten Gedankenkonzepte zum Leben erweckt. Diese haben wir in fr\u00fchester Kindheit erworben und vergessen. Wenn uns dann sp\u00e4ter im Leben Liebe, Leidenschaft und sexuelles Begehren begegnen, vollziehen wir pl\u00f6tzlich Handlungen oder sagen Dinge, die wir so nicht bewusst entschieden haben. Intensive Gef\u00fchle der Freude und der Liebe erf\u00fcllen uns, doch sie kippen auch sehr schnell ins Leiden um. Unser inneres Wesen, das Unterbewusstsein, mag intensive Gef\u00fchle, es sucht sie st\u00e4ndig, aber es kann Freude und Leid oft nicht unterscheiden. Loggt sich unser Unterbewusstsein ins Leiden ein, dann kommt es von selbst da nicht mehr raus. Unser Unterbewusstsein braucht eine starke entschiedene F\u00fchrung, die leidende Menschen sich selbst nicht geben k\u00f6nnen.<\/p>\n\n\n<div class=\"wp-block-image\">\n<figure class=\"alignleft size-full\"><img loading=\"lazy\" decoding=\"async\" width=\"200\" height=\"700\" src=\"https:\/\/www.dilba-burnautzki.de\/wp-content\/uploads\/2024\/07\/personality700x200.jpg\" alt=\"\" class=\"wp-image-191\" srcset=\"https:\/\/www.dilba-burnautzki.de\/wp-content\/uploads\/2024\/07\/personality700x200.jpg 200w, https:\/\/www.dilba-burnautzki.de\/wp-content\/uploads\/2024\/07\/personality700x200-86x300.jpg 86w\" sizes=\"auto, (max-width: 200px) 100vw, 200px\" \/><\/figure>\n<\/div>\n\n\n<p>Lass Dich unterst\u00fctzen, denn es geht um das Wichtigste in Deinem Leben: Deine Freude und Deine Lust am Leben und an Beziehungen. Habe den Mut, Deine unbewussten Verhaltens-, Gedanken- und Beziehungsmuster zu entdecken und Dein Leben selbst zu bestimmen. Du kannst lernen, N\u00e4he zuzulassen, ehrlich Nein zu sagen, wenn Du Nein meinst, aber Du darfst auch Ja sagen und es aufrichtig zeigen, wenn Du es so empfindest. Damit erleichterst Du Dein Leben erheblich und findest wieder Freude an der Begegnung und dem Miteinander mit Menschen und mit Deinem Partner.<\/p>\n\n\n\n<p>In der Selbsterfahrungsgruppe hast Du die M\u00f6glichkeit, das ganze Spektrum Deiner Gef\u00fchle in aller Tiefe auszuleben. Du empfindest dadurch eine tiefe Erleichterung und erf\u00e4hrst sehr gro\u00dfe Befriedigung, weil du merkst, dass Du doch die Macht \u00fcber Deine Gef\u00fchle hast und ihnen nicht hilflos ausgeliefert bist, sondern Du selbst sie bestimmen kannst.<\/p>\n\n\n\n<p>Durch die gemeinsame Arbeit in der Gruppe kommen sich die Teilnehmer n\u00e4her und erfahren so oftmals zum ersten Mal, was aufrichtige und wahrhaftige Begegnung bedeutet. Zu Beginn jeder Sitzung wird zun\u00e4chst individuell reflektiert, was die Teilnehmer aktuell bewegt, wie sie neu Gelerntes in ihrem Leben umgesetzt haben und wo noch Verbesserungen anstehen. An diesem Prozess sind alle Anwesenden beteiligt. Sie geben sich gegenseitig ehrliches, direktes und gewissenhaftes Feedback und bekommen so verschiedene Perspektiven auf ihr Anliegen und ihre Fragestellungen aufgezeigt.<\/p>\n\n\n\n<p>Im Rahmen der Gruppenarbeit kommen \u00fcberwiegend Methoden wie <strong><a href=\"https:\/\/www.dilba-burnautzki.de\/?page_id=170\" data-type=\"page\" data-id=\"170\"><mark style=\"background-color:rgba(0, 0, 0, 0)\" class=\"has-inline-color has-vivid-cyan-blue-color\">Bonding<\/mark><\/a><\/strong>, Psychodrama, <strong><a href=\"https:\/\/www.dilba-burnautzki.de\/?page_id=166\" data-type=\"page\" data-id=\"166\"><mark style=\"background-color:rgba(0, 0, 0, 0)\" class=\"has-inline-color has-vivid-cyan-blue-color\">Encounter<\/mark><\/a><\/strong>, dynamische Meditationen und andere kathartische Techniken zur Anwendung. Alte Verhaltensmuster, Gedanken- und Gef\u00fchlskonzepte bekommen Raum und k\u00f6nnen in dem gesch\u00fctzten Rahmen der Gruppe mit Leichtigkeit ge\u00e4ndert werden. Mit Hilfe der <strong><a href=\"https:\/\/www.dilba-burnautzki.de\/?page_id=164\" data-type=\"page\" data-id=\"164\"><mark style=\"background-color:rgba(0, 0, 0, 0)\" class=\"has-inline-color has-vivid-cyan-blue-color\">Huna<\/mark><\/a><\/strong>-Methode oder durch <strong><a href=\"https:\/\/www.dilba-burnautzki.de\/?page_id=168\" data-type=\"page\" data-id=\"168\"><mark style=\"background-color:rgba(0, 0, 0, 0)\" class=\"has-inline-color has-vivid-cyan-blue-color\">Hypnose<\/mark><\/a><\/strong> werden neue Ideen und\/oder Wege f\u00fcr Gedanken und Gef\u00fchle gefunden und verankert. Bei Bedarf wird eine Powerhypnose durchgef\u00fchrt, bei der alle Teilnehmer f\u00fcr einen Einzelnen dessen Ziel visualisieren.<\/p>\n\n\n\n<p>Hier findest Du <strong><a href=\"https:\/\/www.dilba-burnautzki.de\/?page_id=265\" data-type=\"page\" data-id=\"265\"><mark style=\"background-color:rgba(0, 0, 0, 0)\" class=\"has-inline-color has-vivid-cyan-blue-color\">Erfahrungsberichte<\/mark><\/a><\/strong> von ehemaligen Teilnehmern.<\/p>\n\n\n\n<hr class=\"wp-block-separator has-alpha-channel-opacity is-style-wide\"\/>\n\n\n\n<p><strong>Zeit:<\/strong> Jeden Mittwoch von 19.00- 22.00 Uhr. Ein Einstieg ist jederzeit m\u00f6glich.<\/p>\n\n\n\n<p><strong>Ort:<\/strong> FAB, &#8222;Familie, Arbeit und Beratung&#8220;, <br>Crellestr. 21, 10827 Berlin, <br>2.HH., links, 1. OG., <br>S-Bhf Julius-Leber-Br\u00fccke, <br>U7-Kleistpark.<\/p>\n\n\n\n<p><strong>Kosten:<\/strong> Die Teilnahme an der Selbsterfahrungsgruppe kostet pro dreist\u00fcndiger Sitzung<br>45,00 \u20ac bei zw\u00f6lfmonatiger Teilnahme<br>50,00 \u20ac bei sechsmonatiger Teilnahme<br>Sonderpreis f\u00fcr Arbeitslose und Hartz IV-Empf\u00e4nger auf Anfrage<\/p>\n\n\n\n<p>Online-Sitzungen kosten den Halben Preis.<\/p>\n\n\n\n<p><strong>Probezeit:<\/strong> 260,00 \u20ac &#8211; Vier Gruppensitzungen und ein Einzelgespr\u00e4ch<\/p>\n\n\n\n<p><strong>Das Pers\u00f6nlichkeitstraining wird z. Z. ohne Wochenendworkshops angeboten.<\/strong><\/p>\n\n\n\n<p><strong>Im folgenden Rahmen:<\/strong><\/p>\n\n\n\n<ul class=\"wp-block-list\">\n<li><strong>26 Gruppensitzungen kosten 1300 \u20ac, bei Vorauszahlung 1200 \u20ac.<br><\/strong><\/li>\n\n\n\n<li><strong>52 Gruppensitzungen kosten 2340 \u20ac, bei Vorauszahlung 2200 \u20ac<br><\/strong><\/li>\n<\/ul>\n\n\n\n<p><strong>F\u00fcr Interessenten, die meine Arbeit noch nicht kennen, biete ich vorab ein kostenloses 30-minutiges Vorgespr\u00e4ch um mich kennen zu lernen an.<\/strong><\/p>\n","protected":false},"excerpt":{"rendered":"<p>Selbsterfahrungsgruppe &#8211; Pers\u00f6nlichkeitsentwicklung und Beziehungsf\u00e4higkeit Die sch\u00f6nsten Augenblicke unseres Lebens erleben wir mit einem (oder mehreren) geliebten Menschen. Gl\u00fcckliche und erf\u00fcllte zwischenmenschliche Beziehungen &#8211; ob privat oder beruflich &#8211; sind das was unser Leben lebenswert macht. Mit einer gl\u00fccklichen Partnerschaft und erf\u00fcllter Sexualit\u00e4t haben wir das Wichtigste in unserem emotionalen Leben erreicht. Und darauf hat &hellip; <\/p>\n<p class=\"link-more\"><a href=\"https:\/\/www.dilba-burnautzki.de\/?page_id=103\" class=\"more-link\"><span class=\"screen-reader-text\">\u201ePers\u00f6nlichkeitsentwicklung\u201c<\/span> weiterlesen<\/a><\/p>\n","protected":false},"author":2,"featured_media":0,"parent":0,"menu_order":0,"comment_status":"closed","ping_status":"closed","template":"","meta":{"footnotes":""},"class_list":["post-103","page","type-page","status-publish","hentry"],"_links":{"self":[{"href":"https:\/\/www.dilba-burnautzki.de\/index.php?rest_route=\/wp\/v2\/pages\/103","targetHints":{"allow":["GET"]}}],"collection":[{"href":"https:\/\/www.dilba-burnautzki.de\/index.php?rest_route=\/wp\/v2\/pages"}],"about":[{"href":"https:\/\/www.dilba-burnautzki.de\/index.php?rest_route=\/wp\/v2\/types\/page"}],"author":[{"embeddable":true,"href":"https:\/\/www.dilba-burnautzki.de\/index.php?rest_route=\/wp\/v2\/users\/2"}],"replies":[{"embeddable":true,"href":"https:\/\/www.dilba-burnautzki.de\/index.php?rest_route=%2Fwp%2Fv2%2Fcomments&post=103"}],"version-history":[{"count":14,"href":"https:\/\/www.dilba-burnautzki.de\/index.php?rest_route=\/wp\/v2\/pages\/103\/revisions"}],"predecessor-version":[{"id":329,"href":"https:\/\/www.dilba-burnautzki.de\/index.php?rest_route=\/wp\/v2\/pages\/103\/revisions\/329"}],"wp:attachment":[{"href":"https:\/\/www.dilba-burnautzki.de\/index.php?rest_route=%2Fwp%2Fv2%2Fmedia&parent=103"}],"curies":[{"name":"wp","href":"https:\/\/api.w.org\/{rel}","templated":true}]}}