{"id":10,"date":"2024-06-17T23:20:56","date_gmt":"2024-06-17T21:20:56","guid":{"rendered":"https:\/\/www.dilba-burnautzki.de\/?page_id=10"},"modified":"2024-07-12T10:43:53","modified_gmt":"2024-07-12T08:43:53","slug":"kontakt","status":"publish","type":"page","link":"https:\/\/www.dilba-burnautzki.de\/?page_id=10","title":{"rendered":"Kontakt"},"content":{"rendered":"\n<p>Bei n\u00e4herem Interesse, f\u00fcr weitere Informationen, zur Anmeldung sowie zur Bestellung der CDs kannst du dich jederzeit unter den angegebenen Daten an mich wenden:<\/p>\n\n\n\n<h4 class=\"wp-block-heading\">Irma Dilba-Burnautzki<\/h4>\n\n\n\n<p>M: 0170 \/ 43 16 196<br>irma@dilba-burnautzki.de<\/p>\n\n\n\n<p>Oder f\u00fclle einfach das folgende Formular aus.<\/p>\n\n\n\n<hr class=\"wp-block-separator has-alpha-channel-opacity is-style-wide\"\/>\n\n\n\n<h2 class=\"wp-block-heading has-text-color has-link-color wp-elements-ef73ce789577b973a37b9624162ded08\" style=\"color:#7b0505\"><strong>Vernetzung &#8211; Link<\/strong><\/h2>\n\n\n\n<p>Auf den folgenden Seiten finden Sie weiterf\u00fchrende und thematisch verwandte Informationen.<\/p>\n\n\n\n<p>Trotz sorgf\u00e4ltiger inhaltlicher Kontrolle \u00fcbernehme ich keine Haftung f\u00fcr die Inhalte externer Links. F\u00fcr den Inhalt der verlinkten Seiten sind ausschlie\u00dflich deren Betreiber verantwortlich.<\/p>\n\n\n\n<p><a href=\"http:\/\/www.burnautzki.de\/\" target=\"_blank\" rel=\"noreferrer noopener\"><strong><mark style=\"background-color:rgba(0, 0, 0, 0)\" class=\"has-inline-color has-vivid-cyan-blue-color\">Ulrich Burnautzki<\/mark><\/strong><\/a> &#8211; Fachanwalt f\u00fcr Familienrecht und Mediator.<\/p>\n\n\n\n<p><a href=\"http:\/\/www.yoga-clare.com\/\" target=\"_blank\" rel=\"noreferrer noopener\"><strong><mark style=\"background-color:rgba(0, 0, 0, 0)\" class=\"has-inline-color has-vivid-cyan-blue-color\">Edeltraut Rohnfeld<\/mark><\/strong><\/a> &#8211; Yogalehrerin und Expertin f\u00fcr Yoga auf dem Stuhl.<\/p>\n\n\n\n<p><a href=\"http:\/\/www.osteopathie-berlin-friedenau.de\" target=\"_blank\" rel=\"noreferrer noopener\"><strong><mark style=\"background-color:rgba(0, 0, 0, 0)\" class=\"has-inline-color has-vivid-cyan-blue-color\">Bettina Ballauff<\/mark><\/strong><\/a> &#8211; Osteopathin<\/p>\n\n\n\n<p><a href=\"http:\/\/kuschel-buch.de\/\" target=\"_blank\" rel=\"noreferrer noopener\"><strong><mark style=\"background-color:rgba(0, 0, 0, 0)\" class=\"has-inline-color has-vivid-cyan-blue-color\">Gerhard Schrabal<\/mark><\/strong><\/a> &#8211; Die heilende Energie von Kuschelpartys<\/p>\n\n\n\n<p><strong><a href=\"https:\/\/www.im-baum.de\/\"><mark style=\"background-color:rgba(0, 0, 0, 0)\" class=\"has-inline-color has-vivid-cyan-blue-color\">Julia Hasenfu\u00df &amp; C\u00e9line Marin<\/mark><\/a><\/strong> &#8211; Im Baum \u2013 deutsch-franz\u00f6sischer Kurs- und Seminarraum<\/p>\n","protected":false},"excerpt":{"rendered":"<p>Bei n\u00e4herem Interesse, f\u00fcr weitere Informationen, zur Anmeldung sowie zur Bestellung der CDs kannst du dich jederzeit unter den angegebenen Daten an mich wenden: Irma Dilba-Burnautzki M: 0170 \/ 43 16 196irma@dilba-burnautzki.de Oder f\u00fclle einfach das folgende Formular aus. Vernetzung &#8211; Link Auf den folgenden Seiten finden Sie weiterf\u00fchrende und thematisch verwandte Informationen. Trotz sorgf\u00e4ltiger &hellip; <\/p>\n<p class=\"link-more\"><a href=\"https:\/\/www.dilba-burnautzki.de\/?page_id=10\" class=\"more-link\"><span class=\"screen-reader-text\">\u201eKontakt\u201c<\/span> weiterlesen<\/a><\/p>\n","protected":false},"author":2,"featured_media":0,"parent":0,"menu_order":0,"comment_status":"closed","ping_status":"closed","template":"","meta":{"footnotes":""},"class_list":["post-10","page","type-page","status-publish","hentry"],"_links":{"self":[{"href":"https:\/\/www.dilba-burnautzki.de\/index.php?rest_route=\/wp\/v2\/pages\/10","targetHints":{"allow":["GET"]}}],"collection":[{"href":"https:\/\/www.dilba-burnautzki.de\/index.php?rest_route=\/wp\/v2\/pages"}],"about":[{"href":"https:\/\/www.dilba-burnautzki.de\/index.php?rest_route=\/wp\/v2\/types\/page"}],"author":[{"embeddable":true,"href":"https:\/\/www.dilba-burnautzki.de\/index.php?rest_route=\/wp\/v2\/users\/2"}],"replies":[{"embeddable":true,"href":"https:\/\/www.dilba-burnautzki.de\/index.php?rest_route=%2Fwp%2Fv2%2Fcomments&post=10"}],"version-history":[{"count":17,"href":"https:\/\/www.dilba-burnautzki.de\/index.php?rest_route=\/wp\/v2\/pages\/10\/revisions"}],"predecessor-version":[{"id":346,"href":"https:\/\/www.dilba-burnautzki.de\/index.php?rest_route=\/wp\/v2\/pages\/10\/revisions\/346"}],"wp:attachment":[{"href":"https:\/\/www.dilba-burnautzki.de\/index.php?rest_route=%2Fwp%2Fv2%2Fmedia&parent=10"}],"curies":[{"name":"wp","href":"https:\/\/api.w.org\/{rel}","templated":true}]}}